{"id":9113,"date":"2020-04-23T08:34:35","date_gmt":"2020-04-23T08:35:21","guid":{"rendered":"https:\/\/evotek.md\/?post_type=product&#038;p=9113"},"modified":"2023-03-22T14:49:36","modified_gmt":"2023-03-22T14:49:36","slug":"storcator-pentru-citrice-mj-5000-m-09300145","status":"publish","type":"product","link":"https:\/\/evotek.md\/ro\/produse\/echipamente-electromecanice\/storcatoare-electrice\/storcator-pentru-citrice-mj-5000-m-09300145\/","title":{"rendered":"STORCATOR DE CITRICE -MJ-5000 M-09300145"},"content":{"rendered":"<p><strong>STORCATOR DE CITRICE<\/strong> <strong>&#8211;<\/strong><strong>MJ-5000 <\/strong><strong>M-09300145- <\/strong>solu\u021bie practic\u0103 \u0219i fiabil\u0103 pentru utilizarea \u00een restaurante \u0219i baruri, unde vizitatorilor li se ofer\u0103 suc proasp\u0103t stors. Un storc\u0103tor comercial de suc din citrice este un dispozitiv mic, dar puternic. Acest storc\u0103tor profesional este perfect pentru orice buc\u0103t\u0103rie. Storc\u0103torul are o carcas\u0103 \u0219i blat din aluminiu; r\u0103z\u0103toarea, vasul \u0219i sita sunt din inox.<\/p>\n<p>Caracteristici<\/p>\n<p>Parametri: 430x350x450 mm<\/p>\n<p>Putere: 230 V \/ 50 Hz \/ 1 faz\u0103 550 W<\/p>\n<p>Viteza de rota\u021bie: 3400 rpm<\/p>\n<p>Recipient mare pentru colectarea pulpei<\/p>\n<p>Greutate net\u0103: 22 \u00a0kg<\/p>\n<p>&nbsp;<\/p>\n<p>&nbsp;<\/p>\n","protected":false},"excerpt":{"rendered":"<p>Storc\u0103tor de citrice cu o vitez\u0103 de 3400 rpm. Parametri: 430x350x450 mm; Putere: 230 V\/ 50 Hz\/ 1 faz\u0103 550 W; Recipient mare pentru colectarea pulpei; Greutate net\u0103: 22 kg.<\/p>\n","protected":false},"featured_media":9106,"template":"","meta":[],"_links":{"self":[{"href":"https:\/\/evotek.md\/ro\/wp-json\/wp\/v2\/product\/9113"}],"collection":[{"href":"https:\/\/evotek.md\/ro\/wp-json\/wp\/v2\/product"}],"about":[{"href":"https:\/\/evotek.md\/ro\/wp-json\/wp\/v2\/types\/product"}],"wp:featuredmedia":[{"embeddable":true,"href":"https:\/\/evotek.md\/ro\/wp-json\/wp\/v2\/media\/9106"}],"wp:attachment":[{"href":"https:\/\/evotek.md\/ro\/wp-json\/wp\/v2\/media?parent=9113"}],"curies":[{"name":"wp","href":"https:\/\/api.w.org\/{rel}","templated":true}]}}