{"id":9101,"date":"2020-04-23T08:19:42","date_gmt":"2020-04-23T08:21:10","guid":{"rendered":"https:\/\/evotek.md\/?post_type=product&#038;p=9101"},"modified":"2023-02-23T15:37:18","modified_gmt":"2023-02-23T15:37:18","slug":"storcator-pentru-citrice-mj-2000-m-09366000","status":"publish","type":"product","link":"https:\/\/evotek.md\/ro\/produse\/echipamente-electromecanice\/storcatoare-electrice\/storcator-pentru-citrice-mj-2000-m-09366000\/","title":{"rendered":"STORCATOR DE CITRICE -MJ-2000 M-09366000"},"content":{"rendered":"<p><strong>STORCATOR DE CITRICE<\/strong> <strong>&#8211;<\/strong><strong>MJ-2000<\/strong><strong> M-09366000- <\/strong>solu\u021bie practic\u0103 \u0219i fiabil\u0103 pentru utilizarea \u00een restaurante \u0219i baruri, unde vizitatorilor li se ofer\u0103 suc proasp\u0103t stors. Un storc\u0103tor comercial de suc din citrice este un dispozitiv mic, dar puternic. Acest storc\u0103tor profesional este perfect pentru orice buc\u0103t\u0103rie. Storc\u0103torul are o carcas\u0103 din plastic \u0219i partea superioar\u0103 cu sit\u0103 \u0219i filtru de inox.<\/p>\n<p>Caracteristici<\/p>\n<p>Parametri: 448x247x523 mm<\/p>\n<p>Putere: 230 V \/ 50 Hz \/ 1 faz\u0103 800 W<\/p>\n<p>Viteza de rota\u021bie: 7200 rpm<\/p>\n<p>Recipient mare pentru colectarea pulpei de 5 litri<\/p>\n<p>Greutate net\u0103: 8,56 kg<\/p>\n<p>&nbsp;<\/p>\n","protected":false},"excerpt":{"rendered":"<p>Storc\u0103tor de citrice cu o vitez\u0103 de 7200 rpm. Parametri: 448x247x523 mm; Putere: 230 V \/ 50 Hz \/ 1 faz\u0103 800 W; Recipient mare pentru colectarea pulpei de 5 litri; Greutate net\u0103: 8,56 kg.<\/p>\n","protected":false},"featured_media":9086,"template":"","meta":[],"_links":{"self":[{"href":"https:\/\/evotek.md\/ro\/wp-json\/wp\/v2\/product\/9101"}],"collection":[{"href":"https:\/\/evotek.md\/ro\/wp-json\/wp\/v2\/product"}],"about":[{"href":"https:\/\/evotek.md\/ro\/wp-json\/wp\/v2\/types\/product"}],"wp:featuredmedia":[{"embeddable":true,"href":"https:\/\/evotek.md\/ro\/wp-json\/wp\/v2\/media\/9086"}],"wp:attachment":[{"href":"https:\/\/evotek.md\/ro\/wp-json\/wp\/v2\/media?parent=9101"}],"curies":[{"name":"wp","href":"https:\/\/api.w.org\/{rel}","templated":true}]}}