{"id":9054,"date":"2020-04-22T18:00:56","date_gmt":"2020-04-22T18:00:56","guid":{"rendered":"https:\/\/evotek.md\/?post_type=product&#038;p=9054"},"modified":"2020-07-20T07:46:29","modified_gmt":"2020-07-20T07:46:29","slug":"rasnita-de-cafea-automata-elegance-600-m-08804550","status":"publish","type":"product","link":"https:\/\/evotek.md\/ro\/produse\/echipamente-pentru-bar-si-cafea\/rasnita-de-cafea\/rasnita-de-cafea-automata-elegance-600-m-08804550\/","title":{"rendered":"R\u00c2\u0218NI\u021a\u0102 DE CAFEA AUTOMAT\u0102 Elegance 600 -M-08804550"},"content":{"rendered":"<p><strong>R\u00c2\u0218NI\u021a\u0102 DE CAFEA<\/strong> <strong>AUTOMAT\u0102<\/strong> <strong>Elegance 600 -M-08804550-<\/strong> Acesta este un aparat profesional pentru m\u0103run\u021bit cafea de \u00eenalt\u0103 calitate, cu un recipient transparent din plastic pentru boabele de cafea. Macin\u0103 u\u0219or boabele. Creat special pentru iubitorii de cafea, pentru care cafeaua nu este doar o b\u0103utur\u0103, ci o modalitate de a continua o dispozi\u021bia bun\u0103.<\/p>\n<p>Caracteristici<\/p>\n<p>Recipient de 2 kg pentru boabe de cafea<\/p>\n<p>Freze de o\u021bel \u00eent\u0103rit \u00d8 60 mm<\/p>\n<p>Produc\u021bie: 500 de grame \u00een 5 minute<\/p>\n<p>Greutate net\u0103: 9 kg<\/p>\n<p>Dimensiuni: 210x380x600 mm<\/p>\n<p>Conexiune: 230 V\/50 Hz\/1 faz\u0103 270 W<\/p>\n<p>&nbsp;<\/p>\n","protected":false},"excerpt":{"rendered":"<p>R\u00e2\u0219ni\u021b\u0103 de cafea automat\u0103 cu un recipient pentru boabe de cafea de 2 kg. Freze de o\u021bel \u00eent\u0103rit \u00d8 60 mm; Produc\u021bie: 500 de grame \u00een 5 minute; Greutate net\u0103: 9 kg; Dimensiuni: 210x380x600 mm; Conexiune: 230 V\/50 Hz\/1 faz\u0103 270 W.<\/p>\n","protected":false},"featured_media":9042,"template":"","meta":[],"_links":{"self":[{"href":"https:\/\/evotek.md\/ro\/wp-json\/wp\/v2\/product\/9054"}],"collection":[{"href":"https:\/\/evotek.md\/ro\/wp-json\/wp\/v2\/product"}],"about":[{"href":"https:\/\/evotek.md\/ro\/wp-json\/wp\/v2\/types\/product"}],"wp:featuredmedia":[{"embeddable":true,"href":"https:\/\/evotek.md\/ro\/wp-json\/wp\/v2\/media\/9042"}],"wp:attachment":[{"href":"https:\/\/evotek.md\/ro\/wp-json\/wp\/v2\/media?parent=9054"}],"curies":[{"name":"wp","href":"https:\/\/api.w.org\/{rel}","templated":true}]}}