{"id":8952,"date":"2020-04-16T14:58:58","date_gmt":"2020-04-16T14:58:58","guid":{"rendered":"https:\/\/evotek.md\/?post_type=product&#038;p=8952"},"modified":"2020-04-16T15:02:48","modified_gmt":"2020-04-16T15:02:48","slug":"cuptor-pentru-pizza-mec-convopizza-1","status":"publish","type":"product","link":"https:\/\/evotek.md\/ro\/produse\/echipamente-termice\/cuptoare-pentru-pizza-cuptoare\/cuptor-pentru-pizza-mec-convopizza-1\/","title":{"rendered":"CUPTOR PENTRU PIZZA -MEC CONVOPIZZA 1"},"content":{"rendered":"<p><strong>CUPTOR PENTRU PIZZA -MEC CONVOPIZZA 1- <\/strong>Un mic cuptor profesional este foarte puternic \u0219i rapid, \u00een care pute\u021bi coace cornuri, pr\u0103ji carne, pe\u0219te, g\u0103ti primele feluri de m\u00e2ncare \u0219i garnituri, datorit\u0103 rezolu\u021biei statice excep\u021bionale de jos \u0219i a aerului suflat de sus. Pizza proasp\u0103t\u0103 este g\u0103tit\u0103 \u00een 90 de secunde pe o vatr\u0103 din piatr\u0103 refractar\u0103. Carcasa \u0219i o interiorul sunt din inox. Are iluminare interioar\u0103.<\/p>\n<p>Caracteristici<\/p>\n<p>Temperatura maxim\u0103 de func\u021bionare: 450 \u00b0 C<\/p>\n<p>Putere: 3,5 kW<\/p>\n<p>Greutate: 30 kg<\/p>\n<p>Dimensiuni exterioare: 550\u0445650\u0445350 mm<\/p>\n<p>Dimensiuni interioare: 350x410x170 mm<\/p>\n<p>&nbsp;<\/p>\n","protected":false},"excerpt":{"rendered":"<p>Cuptor pentru pizza. Temperatura maxim\u0103 de func\u021bionare: 450 \u00b0 C; Putere: 3,5 kW; Greutate: 30 kg; Dimensiuni exterioare: 550\u0445650\u0445350 mm; Dimensiuni interioare: 350x410x170 mm.<\/p>\n","protected":false},"featured_media":8951,"template":"","meta":[],"_links":{"self":[{"href":"https:\/\/evotek.md\/ro\/wp-json\/wp\/v2\/product\/8952"}],"collection":[{"href":"https:\/\/evotek.md\/ro\/wp-json\/wp\/v2\/product"}],"about":[{"href":"https:\/\/evotek.md\/ro\/wp-json\/wp\/v2\/types\/product"}],"wp:featuredmedia":[{"embeddable":true,"href":"https:\/\/evotek.md\/ro\/wp-json\/wp\/v2\/media\/8951"}],"wp:attachment":[{"href":"https:\/\/evotek.md\/ro\/wp-json\/wp\/v2\/media?parent=8952"}],"curies":[{"name":"wp","href":"https:\/\/api.w.org\/{rel}","templated":true}]}}