{"id":8948,"date":"2020-04-16T14:44:15","date_gmt":"2020-04-16T14:44:15","guid":{"rendered":"https:\/\/evotek.md\/?post_type=product&#038;p=8948"},"modified":"2020-04-16T14:44:15","modified_gmt":"2020-04-16T14:44:15","slug":"cuptor-pentru-pizza-pe-gaz-mec-mg-9","status":"publish","type":"product","link":"https:\/\/evotek.md\/ro\/produse\/echipamente-termice\/cuptoare-pentru-pizza-cuptoare\/cuptor-pentru-pizza-pe-gaz-mec-mg-9\/","title":{"rendered":"CUPTOR PENTRU PIZZA PE GAZ -MEC MG 9"},"content":{"rendered":"<p><strong>CUPTOR PENTRU PIZZA PE GAZ -MEC MG 9- <\/strong>Cuptor pentru pizza pe gaz. Panoul frontal, u\u0219a, cuptorul \u0219i arz\u0103torul sunt din inox. Are iluminare interioar\u0103. Arz\u0103toarele de sus \u0219i de jos sunt cu control autonom.<\/p>\n<p>Caracteristici<\/p>\n<p>Temperatura de operare: 420 \u00b0 C<\/p>\n<p>Putere: 29 kW<\/p>\n<p>Greutate: 192 kg<\/p>\n<p>Dimensiuni exterioare: 1430x1600x470 mm<\/p>\n<p>Dimensiuni interioare: 1050\u04451050\u0445150 mm<\/p>\n<p>&nbsp;<\/p>\n","protected":false},"excerpt":{"rendered":"<p>Cuptor pentru pizza pe gaz. Temperatura de operare: 420 \u00b0 C; Putere: 29 kW; Greutate: 192 kg; Dimensiuni exterioare: 1430x1600x470 mm; Dimensiuni interioare: 1050\u04451050\u0445150 mm.<\/p>\n","protected":false},"featured_media":8947,"template":"","meta":[],"_links":{"self":[{"href":"https:\/\/evotek.md\/ro\/wp-json\/wp\/v2\/product\/8948"}],"collection":[{"href":"https:\/\/evotek.md\/ro\/wp-json\/wp\/v2\/product"}],"about":[{"href":"https:\/\/evotek.md\/ro\/wp-json\/wp\/v2\/types\/product"}],"wp:featuredmedia":[{"embeddable":true,"href":"https:\/\/evotek.md\/ro\/wp-json\/wp\/v2\/media\/8947"}],"wp:attachment":[{"href":"https:\/\/evotek.md\/ro\/wp-json\/wp\/v2\/media?parent=8948"}],"curies":[{"name":"wp","href":"https:\/\/api.w.org\/{rel}","templated":true}]}}