{"id":8943,"date":"2020-04-16T11:19:20","date_gmt":"2020-04-16T11:20:40","guid":{"rendered":"https:\/\/evotek.md\/?post_type=product&#038;p=8943"},"modified":"2023-03-02T10:04:25","modified_gmt":"2023-03-02T10:04:25","slug":"contact-grill-emp-101-2","status":"publish","type":"product","link":"https:\/\/evotek.md\/ro\/produse\/echipamente-termice\/grill-contact-panini-sandwich-2\/contact-grill-emp-101-2\/","title":{"rendered":"GRILL CONTACT ELECTRIC, RIFLAT -EMP.101"},"content":{"rendered":"<p><strong>GRILL CONTACT ELECTRIC, RIFLAT -EMP.101-<\/strong> echipament necesar pentru utilizarea \u00een buc\u0103t\u0103riile profesionale. Modelul garanteaz\u0103 pr\u0103jirea uniform\u0103 a produsului \u0219i v\u0103 permite, de asemenea, men\u021binerea calit\u0103\u021bii \u0219i gustului s\u0103u, deoarece suprafa\u021ba de lucru a grill-ului pr\u0103je\u0219te produsul din dou\u0103 p\u0103r\u021bi. Fabricat din inox. Suprafe\u021bele de lucru superioare \u0219i inferioare sunt riflate. Acest model are o singur\u0103 suprafa\u021b\u0103 de lucru.<\/p>\n<p>Caracteristici<\/p>\n<p>Dimensiuni: 400x360x210 mm<\/p>\n<p>Putere: 1,75 W<\/p>\n<p>Greutate net\u0103: 30 kg<\/p>\n<p>Tensiune: 220 V<\/p>\n<p>&nbsp;<\/p>\n","protected":false},"excerpt":{"rendered":"<p>Grill contact. Dimensiuni: 400x360x210 mm; Putere: 1,75 W; Greutate net\u0103: 30 kg; Tensiune: 220 V.<\/p>\n<p>&nbsp;<\/p>\n","protected":false},"featured_media":8942,"template":"","meta":[],"_links":{"self":[{"href":"https:\/\/evotek.md\/ro\/wp-json\/wp\/v2\/product\/8943"}],"collection":[{"href":"https:\/\/evotek.md\/ro\/wp-json\/wp\/v2\/product"}],"about":[{"href":"https:\/\/evotek.md\/ro\/wp-json\/wp\/v2\/types\/product"}],"wp:featuredmedia":[{"embeddable":true,"href":"https:\/\/evotek.md\/ro\/wp-json\/wp\/v2\/media\/8942"}],"wp:attachment":[{"href":"https:\/\/evotek.md\/ro\/wp-json\/wp\/v2\/media?parent=8943"}],"curies":[{"name":"wp","href":"https:\/\/api.w.org\/{rel}","templated":true}]}}