{"id":8934,"date":"2020-04-16T10:32:19","date_gmt":"2020-04-16T10:32:19","guid":{"rendered":"https:\/\/evotek.md\/?post_type=product&#038;p=8934"},"modified":"2020-04-16T10:32:19","modified_gmt":"2020-04-16T10:32:19","slug":"lingura-pentru-spaghetti-termoplastica-300-mm-st-326020","status":"publish","type":"product","link":"https:\/\/evotek.md\/ro\/produse\/accesorii-si-inventar-bucatarie\/inventar-pentru-servire-bucate\/lingura-pentru-spaghetti-termoplastica-300-mm-st-326020\/","title":{"rendered":"LINGUR\u0102 PENTRU SPAGHETTI TERMOPLASTIC\u0102 300 mm -ST-326020"},"content":{"rendered":"<p><strong>LINGUR\u0102 PENTRU SPAGHETTI TERMOPLASTIC\u0102 300 mm -ST-326020-<\/strong> folosit\u0103 la \u00eentreprinderile de alimenta\u021bie public\u0103 \u0219i pentru uz casnic, este foarte convenabil \u0219i de \u00eenalt\u0103 calitate.<\/p>\n<p>Lingur\u0103 pentru spaghetti termoplastic\u0103 cu lungimea 300 mm.<\/p>\n","protected":false},"excerpt":{"rendered":"<p>Lingur\u0103 pentru spaghetti termoplastic\u0103 cu lungimea 300 mm.<\/p>\n","protected":false},"featured_media":8933,"template":"","meta":[],"_links":{"self":[{"href":"https:\/\/evotek.md\/ro\/wp-json\/wp\/v2\/product\/8934"}],"collection":[{"href":"https:\/\/evotek.md\/ro\/wp-json\/wp\/v2\/product"}],"about":[{"href":"https:\/\/evotek.md\/ro\/wp-json\/wp\/v2\/types\/product"}],"wp:featuredmedia":[{"embeddable":true,"href":"https:\/\/evotek.md\/ro\/wp-json\/wp\/v2\/media\/8933"}],"wp:attachment":[{"href":"https:\/\/evotek.md\/ro\/wp-json\/wp\/v2\/media?parent=8934"}],"curies":[{"name":"wp","href":"https:\/\/api.w.org\/{rel}","templated":true}]}}