{"id":8929,"date":"2020-04-16T10:31:03","date_gmt":"2020-04-16T10:31:03","guid":{"rendered":"https:\/\/evotek.md\/?post_type=product&#038;p=8929"},"modified":"2020-04-16T10:31:03","modified_gmt":"2020-04-16T10:31:03","slug":"spumiera-termoplastica-l-350-%d0%bc%d0%bc-st-325070","status":"publish","type":"product","link":"https:\/\/evotek.md\/ro\/produse\/accesorii-si-inventar-bucatarie\/inventar-pentru-servire-bucate\/spumiera-termoplastica-l-350-%d0%bc%d0%bc-st-325070\/","title":{"rendered":"SPUMIER\u0102 TERMOPLASTIC\u0102 L-350 \u043c\u043c -ST-325070"},"content":{"rendered":"<p><strong>SPUMIER\u0102 TERMOPLASTIC\u0102 L-350 \u043c\u043c<\/strong> <strong>&#8211;<\/strong><strong>ST-325070<\/strong><strong>&#8211; <\/strong>realizat\u0103 din plastic negru pentru utilizare pe suprafe\u021be de teflon. Poate fi sp\u0103lat\u0103 \u00een ma\u0219ina de sp\u0103lat vase.<\/p>\n<p>Spumier\u0103 termoplastic\u0103 cu lungimea de 350 mm.<\/p>\n","protected":false},"excerpt":{"rendered":"<p>Spumier\u0103 termoplastic\u0103 cu lungimea de 350 mm.<\/p>\n","protected":false},"featured_media":8928,"template":"","meta":[],"_links":{"self":[{"href":"https:\/\/evotek.md\/ro\/wp-json\/wp\/v2\/product\/8929"}],"collection":[{"href":"https:\/\/evotek.md\/ro\/wp-json\/wp\/v2\/product"}],"about":[{"href":"https:\/\/evotek.md\/ro\/wp-json\/wp\/v2\/types\/product"}],"wp:featuredmedia":[{"embeddable":true,"href":"https:\/\/evotek.md\/ro\/wp-json\/wp\/v2\/media\/8928"}],"wp:attachment":[{"href":"https:\/\/evotek.md\/ro\/wp-json\/wp\/v2\/media?parent=8929"}],"curies":[{"name":"wp","href":"https:\/\/api.w.org\/{rel}","templated":true}]}}