{"id":8924,"date":"2020-04-16T10:29:30","date_gmt":"2020-04-16T10:29:30","guid":{"rendered":"https:\/\/evotek.md\/?post_type=product&#038;p=8924"},"modified":"2020-04-16T10:29:31","modified_gmt":"2020-04-16T10:29:31","slug":"lingura-pentru-garnitura-l-400-mm-st-320040","status":"publish","type":"product","link":"https:\/\/evotek.md\/ro\/produse\/accesorii-si-inventar-bucatarie\/inventar-pentru-servire-bucate\/lingura-pentru-garnitura-l-400-mm-st-320040\/","title":{"rendered":"LINGUR\u0102 PENTRU GARNITUR\u0102 L-400 mm -ST- 320040"},"content":{"rendered":"<p><strong>LINGUR\u0102 PENTRU GARNITUR\u0102 L-400 mm -ST- 320040-<\/strong>\u00a0 Folosit\u0103 la \u00eentreprinderile de alimenta\u021bie public\u0103 \u0219i pentru uz casnic, este foarte convenabil \u0219i de \u00eenalt\u0103 calitate.<\/p>\n<p>Lingur\u0103 pentru garnitur\u0103 L-400 mm.<\/p>\n","protected":false},"excerpt":{"rendered":"<p>Lingur\u0103 pentru garnitur\u0103 L-400 mm.<\/p>\n","protected":false},"featured_media":8923,"template":"","meta":[],"_links":{"self":[{"href":"https:\/\/evotek.md\/ro\/wp-json\/wp\/v2\/product\/8924"}],"collection":[{"href":"https:\/\/evotek.md\/ro\/wp-json\/wp\/v2\/product"}],"about":[{"href":"https:\/\/evotek.md\/ro\/wp-json\/wp\/v2\/types\/product"}],"wp:featuredmedia":[{"embeddable":true,"href":"https:\/\/evotek.md\/ro\/wp-json\/wp\/v2\/media\/8923"}],"wp:attachment":[{"href":"https:\/\/evotek.md\/ro\/wp-json\/wp\/v2\/media?parent=8924"}],"curies":[{"name":"wp","href":"https:\/\/api.w.org\/{rel}","templated":true}]}}