{"id":8904,"date":"2020-04-15T19:17:23","date_gmt":"2020-04-15T19:17:23","guid":{"rendered":"https:\/\/evotek.md\/?post_type=product&#038;p=8904"},"modified":"2020-04-15T19:17:23","modified_gmt":"2020-04-15T19:17:23","slug":"polonic-termoplastic-80-ml-st-326010","status":"publish","type":"product","link":"https:\/\/evotek.md\/ro\/produse\/accesorii-si-inventar-bucatarie\/inventar-pentru-servire-bucate\/polonic-termoplastic-80-ml-st-326010\/","title":{"rendered":"POLONIC TERMOPLASTIC 80 ml -ST-326010"},"content":{"rendered":"<p><strong>POLONIC TERMOPLASTIC 80 ml -ST-326010- <\/strong>Polonic profesional, realizat din termoplastic. \u00cengrijire u\u0219oar\u0103 \u0219i cur\u0103\u021bare rapid\u0103. M\u00e2ner ergonomic cu o curb\u0103 special\u0103 pentru ag\u0103\u021barea convenabil\u0103 a acestuia.<\/p>\n<p>Caracteristici<\/p>\n<p>Diametru: 90 mm<\/p>\n<p>Volum: 80 ml<\/p>\n<p>Lungime: 300 mm<\/p>\n<p>&nbsp;<\/p>\n<p>&nbsp;<\/p>\n","protected":false},"excerpt":{"rendered":"<p>Polonic termoplastic la 80 ml. Diametru: 90 mm; Lungime: 300 mm.<\/p>\n","protected":false},"featured_media":8903,"template":"","meta":[],"_links":{"self":[{"href":"https:\/\/evotek.md\/ro\/wp-json\/wp\/v2\/product\/8904"}],"collection":[{"href":"https:\/\/evotek.md\/ro\/wp-json\/wp\/v2\/product"}],"about":[{"href":"https:\/\/evotek.md\/ro\/wp-json\/wp\/v2\/types\/product"}],"wp:featuredmedia":[{"embeddable":true,"href":"https:\/\/evotek.md\/ro\/wp-json\/wp\/v2\/media\/8903"}],"wp:attachment":[{"href":"https:\/\/evotek.md\/ro\/wp-json\/wp\/v2\/media?parent=8904"}],"curies":[{"name":"wp","href":"https:\/\/api.w.org\/{rel}","templated":true}]}}