{"id":8899,"date":"2020-04-15T19:05:47","date_gmt":"2020-04-15T19:05:47","guid":{"rendered":"https:\/\/evotek.md\/?post_type=product&#038;p=8899"},"modified":"2020-04-15T19:05:47","modified_gmt":"2020-04-15T19:05:47","slug":"polonic-1-l-st-323162","status":"publish","type":"product","link":"https:\/\/evotek.md\/ro\/produse\/accesorii-si-inventar-bucatarie\/inventar-pentru-servire-bucate\/polonic-1-l-st-323162\/","title":{"rendered":"POLONIC 1 l -ST-323162"},"content":{"rendered":"<p><strong>POLONIC 1 l -ST-323162- <\/strong>Polonic profesional, realizat f\u0103r\u0103 suduri dintr-o singur\u0103 bucat\u0103 din inox. \u00cengrijire u\u0219oar\u0103 \u0219i cur\u0103\u021bare rapid\u0103. M\u00e2ner ergonomic cu o curb\u0103 special\u0103 pentru ag\u0103\u021barea convenabil\u0103 a acestuia.<\/p>\n<p>Caracteristici<\/p>\n<p>Diametru: 160 mm<\/p>\n<p>Volum: 1 l<\/p>\n<p>Lungime: 474 mm<\/p>\n<p>&nbsp;<\/p>\n","protected":false},"excerpt":{"rendered":"<p>Polonic din inox la 1 l. Diametru: 160 mm; Lungime: 474 mm.<\/p>\n","protected":false},"featured_media":8869,"template":"","meta":[],"_links":{"self":[{"href":"https:\/\/evotek.md\/ro\/wp-json\/wp\/v2\/product\/8899"}],"collection":[{"href":"https:\/\/evotek.md\/ro\/wp-json\/wp\/v2\/product"}],"about":[{"href":"https:\/\/evotek.md\/ro\/wp-json\/wp\/v2\/types\/product"}],"wp:featuredmedia":[{"embeddable":true,"href":"https:\/\/evotek.md\/ro\/wp-json\/wp\/v2\/media\/8869"}],"wp:attachment":[{"href":"https:\/\/evotek.md\/ro\/wp-json\/wp\/v2\/media?parent=8899"}],"curies":[{"name":"wp","href":"https:\/\/api.w.org\/{rel}","templated":true}]}}