{"id":8884,"date":"2020-04-15T18:48:31","date_gmt":"2020-04-15T18:48:31","guid":{"rendered":"https:\/\/evotek.md\/?post_type=product&#038;p=8884"},"modified":"2020-04-15T18:48:31","modified_gmt":"2020-04-15T18:48:31","slug":"polonic-2-l-st-323201","status":"publish","type":"product","link":"https:\/\/evotek.md\/ro\/produse\/accesorii-si-inventar-bucatarie\/inventar-pentru-servire-bucate\/polonic-2-l-st-323201\/","title":{"rendered":"POLONIC 2 l -ST-323201"},"content":{"rendered":"<p><strong>POLONIC 2 l -ST-323201- <\/strong>Polonic profesional, realizat f\u0103r\u0103 suduri dintr-o singur\u0103 bucat\u0103 din inox. \u00cengrijire u\u0219oar\u0103 \u0219i cur\u0103\u021bare rapid\u0103. M\u00e2ner ergonomic cu o curb\u0103 special\u0103 pentru ag\u0103\u021barea convenabil\u0103 a acestuia.<\/p>\n<p>Caracteristici<\/p>\n<p>Diametru: 200 mm<\/p>\n<p>Volum: 2 l<\/p>\n<p>Lungime: 480 mm<\/p>\n<p>&nbsp;<\/p>\n","protected":false},"excerpt":{"rendered":"<p>Polonic din inox la 2 l. Diametru: 200 mm; Lungime: 480 mm.<\/p>\n","protected":false},"featured_media":8862,"template":"","meta":[],"_links":{"self":[{"href":"https:\/\/evotek.md\/ro\/wp-json\/wp\/v2\/product\/8884"}],"collection":[{"href":"https:\/\/evotek.md\/ro\/wp-json\/wp\/v2\/product"}],"about":[{"href":"https:\/\/evotek.md\/ro\/wp-json\/wp\/v2\/types\/product"}],"wp:featuredmedia":[{"embeddable":true,"href":"https:\/\/evotek.md\/ro\/wp-json\/wp\/v2\/media\/8862"}],"wp:attachment":[{"href":"https:\/\/evotek.md\/ro\/wp-json\/wp\/v2\/media?parent=8884"}],"curies":[{"name":"wp","href":"https:\/\/api.w.org\/{rel}","templated":true}]}}