{"id":8881,"date":"2020-04-15T18:44:05","date_gmt":"2020-04-15T18:44:05","guid":{"rendered":"https:\/\/evotek.md\/?post_type=product&#038;p=8881"},"modified":"2020-04-15T18:44:05","modified_gmt":"2020-04-15T18:44:05","slug":"polonic-200-ml-st-323092","status":"publish","type":"product","link":"https:\/\/evotek.md\/ro\/produse\/accesorii-si-inventar-bucatarie\/inventar-pentru-servire-bucate\/polonic-200-ml-st-323092\/","title":{"rendered":"POLONIC 200 ml -ST-323092"},"content":{"rendered":"<p><strong>POLONIC 200 ml -ST-323092- <\/strong>Polonic profesional, realizat f\u0103r\u0103 suduri dintr-o singur\u0103 bucat\u0103 din inox. \u00cengrijire u\u0219oar\u0103 \u0219i cur\u0103\u021bare rapid\u0103. M\u00e2ner ergonomic cu o curb\u0103 special\u0103 pentru ag\u0103\u021barea convenabil\u0103 a acestuia.<\/p>\n<p>Caracteristici<\/p>\n<p>Diametru: 90 mm<\/p>\n<p>Volum: 200 ml<\/p>\n<p>Lungime: 362 mm<\/p>\n<p>&nbsp;<\/p>\n<p>&nbsp;<\/p>\n","protected":false},"excerpt":{"rendered":"<p>Polonic din inox la 200 ml. Diametru: 90 mm; Lungime: 362 mm.<\/p>\n<p>&nbsp;<\/p>\n","protected":false},"featured_media":8869,"template":"","meta":[],"_links":{"self":[{"href":"https:\/\/evotek.md\/ro\/wp-json\/wp\/v2\/product\/8881"}],"collection":[{"href":"https:\/\/evotek.md\/ro\/wp-json\/wp\/v2\/product"}],"about":[{"href":"https:\/\/evotek.md\/ro\/wp-json\/wp\/v2\/types\/product"}],"wp:featuredmedia":[{"embeddable":true,"href":"https:\/\/evotek.md\/ro\/wp-json\/wp\/v2\/media\/8869"}],"wp:attachment":[{"href":"https:\/\/evotek.md\/ro\/wp-json\/wp\/v2\/media?parent=8881"}],"curies":[{"name":"wp","href":"https:\/\/api.w.org\/{rel}","templated":true}]}}