{"id":8878,"date":"2020-04-15T18:38:26","date_gmt":"2020-04-15T18:39:04","guid":{"rendered":"https:\/\/evotek.md\/?post_type=product&#038;p=8878"},"modified":"2023-03-17T09:23:45","modified_gmt":"2023-03-17T09:23:45","slug":"polonic-200-ml-st-320010","status":"publish","type":"product","link":"https:\/\/evotek.md\/ro\/produse\/accesorii-si-inventar-bucatarie\/inventar-pentru-servire-bucate\/polonic-200-ml-st-320010\/","title":{"rendered":"POLONIC 180 ml -ST-320010"},"content":{"rendered":"<p><strong>POLONIC 180 ml -ST-320010- <\/strong>Polonic profesional, realizat f\u0103r\u0103 suduri dintr-o singur\u0103 bucat\u0103 din inox. \u00cengrijire u\u0219oar\u0103 \u0219i cur\u0103\u021bare rapid\u0103. M\u00e2ner ergonomic cu o curb\u0103 special\u0103 pentru ag\u0103\u021barea convenabil\u0103 a acestuia.<\/p>\n<p>Caracteristici<\/p>\n<p>Volum: 180 ml<\/p>\n<p>Lungime: 400 mm<\/p>\n<p>&nbsp;<\/p>\n","protected":false},"excerpt":{"rendered":"<p>Polonic din inox la 180 ml. Lungime: 400 mm.<\/p>\n","protected":false},"featured_media":8877,"template":"","meta":[],"_links":{"self":[{"href":"https:\/\/evotek.md\/ro\/wp-json\/wp\/v2\/product\/8878"}],"collection":[{"href":"https:\/\/evotek.md\/ro\/wp-json\/wp\/v2\/product"}],"about":[{"href":"https:\/\/evotek.md\/ro\/wp-json\/wp\/v2\/types\/product"}],"wp:featuredmedia":[{"embeddable":true,"href":"https:\/\/evotek.md\/ro\/wp-json\/wp\/v2\/media\/8877"}],"wp:attachment":[{"href":"https:\/\/evotek.md\/ro\/wp-json\/wp\/v2\/media?parent=8878"}],"curies":[{"name":"wp","href":"https:\/\/api.w.org\/{rel}","templated":true}]}}