{"id":887,"date":"2020-01-30T14:05:26","date_gmt":"2020-01-30T14:07:24","guid":{"rendered":"https:\/\/evotek.md\/?post_type=product&#038;p=887"},"modified":"2023-03-02T11:49:25","modified_gmt":"2023-03-02T11:49:25","slug":"ice-crusher-tr65","status":"publish","type":"product","link":"https:\/\/evotek.md\/ro\/produse\/echipamente-pentru-bar-si-cafea\/masina-de-maruntit-gheata-2\/ice-crusher-tr65\/","title":{"rendered":"ZDROBITOR DE GHEATA, 65 kg\/h -TR65"},"content":{"rendered":"<p><strong>ZDROBITOR DE GHEATA, 65 kg\/h -TR65-<\/strong> Acest dispozitiv este un model compact, ce v\u0103 permite s\u0103 m\u0103run\u021bi\u021bi ghea\u021ba, care poate fi folosit\u0103 pentru decorarea b\u0103uturilor. Este utilizat \u00een cafenele, baruri, restaurante \u0219i alte unit\u0103\u021bi de catering.<\/p>\n<p>Carcasa m\u0103run\u021bitorului de ghea\u021b\u0103 este fabricat\u0103 din plastic, iar vasul pentru colectarea ghe\u021bii, precum \u0219i un recipient de 0,7 L pentru \u00eenc\u0103rcare. Fabricat din inox. Un m\u00e2ner convenabil este prev\u0103zut pentru tocare \u00een siguran\u021b\u0103. Metoda de instalare: de mas\u0103; control electromecanic; productivitate pe or\u0103: 65 kg; viteza: 2000 rpm; num\u0103rul de viteze: 1; capacitate container: 0,7 l;<br \/>\ncomoditate \u00een exploatare, \u00eengrijire \u0219i depozitare; compact \u0219i durabil.<br \/>\nDimensiuni ale modelului: 425x200x305 mm, Greutate: 5 kg. Puterea este de 300 W, tensiunea de alimentare este monofazat\u0103, 220 V, 50 Hz.<\/p>\n<p>Caracteristici<\/p>\n<p>Brand Hurakan<\/p>\n<p>Dimensiuni: 425x200x305 mm<\/p>\n<p>Putere: 0,3 kW<\/p>\n<p>Conectare: 220 V<\/p>\n<p>Greutate net\u0103: 5 kg<\/p>\n","protected":false},"excerpt":{"rendered":"<p>Ice Crusher cu o productivitate de 65 kg pe or\u0103. Dimensiuni: 425x200x305 mm; Putere: 0,3 kW; Conectare: 220 V; Putere: 300 W; Vitez\u0103: 2000 rpm; Num\u0103rul de viteze: 1; capacitate container: 0,7 l.<\/p>\n","protected":false},"featured_media":890,"template":"","meta":[],"_links":{"self":[{"href":"https:\/\/evotek.md\/ro\/wp-json\/wp\/v2\/product\/887"}],"collection":[{"href":"https:\/\/evotek.md\/ro\/wp-json\/wp\/v2\/product"}],"about":[{"href":"https:\/\/evotek.md\/ro\/wp-json\/wp\/v2\/types\/product"}],"wp:featuredmedia":[{"embeddable":true,"href":"https:\/\/evotek.md\/ro\/wp-json\/wp\/v2\/media\/890"}],"wp:attachment":[{"href":"https:\/\/evotek.md\/ro\/wp-json\/wp\/v2\/media?parent=887"}],"curies":[{"name":"wp","href":"https:\/\/api.w.org\/{rel}","templated":true}]}}