{"id":8863,"date":"2020-04-15T18:26:12","date_gmt":"2020-04-15T18:26:12","guid":{"rendered":"https:\/\/evotek.md\/?post_type=product&#038;p=8863"},"modified":"2020-04-15T18:29:20","modified_gmt":"2020-04-15T18:29:20","slug":"polonic-400-ml-st-323121","status":"publish","type":"product","link":"https:\/\/evotek.md\/ro\/produse\/accesorii-si-inventar-bucatarie\/inventar-pentru-servire-bucate\/polonic-400-ml-st-323121\/","title":{"rendered":"POLONIC 400 ml -ST-323121"},"content":{"rendered":"<p><strong>POLONIC 400 ml -ST-323121- <\/strong>Polonic profesional, realizat f\u0103r\u0103 suduri dintr-o singur\u0103 bucat\u0103 din inox. \u00cengrijire u\u0219oar\u0103 \u0219i cur\u0103\u021bare rapid\u0103. M\u00e2ner ergonomic cu o curb\u0103 special\u0103 pentru ag\u0103\u021barea convenabil\u0103 a acestuia.<\/p>\n<p>Caracteristici<\/p>\n<p>Diametru: 120 mm<\/p>\n<p>Volum: 400 ml<\/p>\n<p>Lungime: 365 mm<\/p>\n<p>&nbsp;<\/p>\n","protected":false},"excerpt":{"rendered":"<p>Polonic din inox la 400 ml. Diametru: 120 mm; Lungime: 365 mm.<\/p>\n","protected":false},"featured_media":8862,"template":"","meta":[],"_links":{"self":[{"href":"https:\/\/evotek.md\/ro\/wp-json\/wp\/v2\/product\/8863"}],"collection":[{"href":"https:\/\/evotek.md\/ro\/wp-json\/wp\/v2\/product"}],"about":[{"href":"https:\/\/evotek.md\/ro\/wp-json\/wp\/v2\/types\/product"}],"wp:featuredmedia":[{"embeddable":true,"href":"https:\/\/evotek.md\/ro\/wp-json\/wp\/v2\/media\/8862"}],"wp:attachment":[{"href":"https:\/\/evotek.md\/ro\/wp-json\/wp\/v2\/media?parent=8863"}],"curies":[{"name":"wp","href":"https:\/\/api.w.org\/{rel}","templated":true}]}}