{"id":8851,"date":"2020-04-15T17:53:00","date_gmt":"2020-04-15T17:53:32","guid":{"rendered":"https:\/\/evotek.md\/?post_type=product&#038;p=8851"},"modified":"2025-06-09T08:57:05","modified_gmt":"2025-06-09T08:57:05","slug":"st-372035","status":"publish","type":"product","link":"https:\/\/evotek.md\/ro\/produse\/accesorii-si-inventar-bucatarie\/cana-pentru-lapte\/st-372035\/","title":{"rendered":"CANA PENTRU LAPTE (PITCHER) 1,5 l -ST-372035"},"content":{"rendered":"<p><strong>CANA PENTRU LAPTE (PITCHER) 1,5 l -ST-372035- <\/strong>Aceast\u0103 can\u0103 pentru lapte este folosit\u0103 pentru spumarea laptelui. Difer\u0103 prin forma sa, cu ajutorul designului s\u0103u se ob\u021bine rapid o spum\u0103 pufoas\u0103 \u0219i atr\u0103g\u0103toare. Nasul ascu\u021bit deasemenea are o importan\u021b\u0103 major\u0103. Cu ajutorul s\u0103u, se fac uzoare frumoase pe cafea. O alt\u0103 caracteristic\u0103 esen\u021bial\u0103 a acestei c\u0103ni este grosimea peretelui. Cu c\u00e2t sunt mai sub\u021biri, cu at\u00e2t este mai u\u0219or s\u0103 sim\u021bi\u021bi temperatura lichidului \u0219i s\u0103 \u00eel \u00eendep\u0103rta\u021bi de pe foc la timp. Volum: 1,5 l.<\/p>\n<p>Caracteristici<br \/>\nVolum: 1500 ml<br \/>\nDiametru: 100 mm<br \/>\n\u00cen\u0103l\u021bime: 155 mm<br \/>\nMaterial: O\u021bel inoxidabil<\/p>\n<p>&nbsp;<\/p>\n","protected":false},"excerpt":{"rendered":"<p>Can\u0103 pentru lapte. Volum: 1500 ml; Diametru: 100 mm; \u00cen\u0103l\u021bime: 155 mm; Material: O\u021bel inoxidabil.<\/p>\n","protected":false},"featured_media":8844,"template":"","meta":[],"_links":{"self":[{"href":"https:\/\/evotek.md\/ro\/wp-json\/wp\/v2\/product\/8851"}],"collection":[{"href":"https:\/\/evotek.md\/ro\/wp-json\/wp\/v2\/product"}],"about":[{"href":"https:\/\/evotek.md\/ro\/wp-json\/wp\/v2\/types\/product"}],"wp:featuredmedia":[{"embeddable":true,"href":"https:\/\/evotek.md\/ro\/wp-json\/wp\/v2\/media\/8844"}],"wp:attachment":[{"href":"https:\/\/evotek.md\/ro\/wp-json\/wp\/v2\/media?parent=8851"}],"curies":[{"name":"wp","href":"https:\/\/api.w.org\/{rel}","templated":true}]}}