{"id":8837,"date":"2020-04-15T17:40:25","date_gmt":"2020-04-15T17:40:25","guid":{"rendered":"https:\/\/evotek.md\/?post_type=product&#038;p=8837"},"modified":"2020-04-15T17:40:25","modified_gmt":"2020-04-15T17:40:25","slug":"cana-pentru-lapte-150-ml-st-374010","status":"publish","type":"product","link":"https:\/\/evotek.md\/ro\/produse\/accesorii-si-inventar-bucatarie\/cana-pentru-lapte\/cana-pentru-lapte-150-ml-st-374010\/","title":{"rendered":"CAN\u0102 PENTRU LAPTE 150 ml -ST-374010"},"content":{"rendered":"<p><strong>CAN\u0102 PENTRU LAPTE 150 ml -ST-374010- <\/strong>Aceast\u0103 can\u0103 pentru lapte este folosit\u0103 pentru spumarea laptelui. Difer\u0103 prin forma sa, cu ajutorul designului s\u0103u se ob\u021bine rapid o spum\u0103 pufoas\u0103 \u0219i atr\u0103g\u0103toare. Nasul ascu\u021bit deasemenea are o importan\u021b\u0103 major\u0103. Cu ajutorul s\u0103u, se fac uzoare frumoase pe cafea. O alt\u0103 caracteristic\u0103 esen\u021bial\u0103 a acestei c\u0103ni este grosimea peretelui. Cu c\u00e2t sunt mai sub\u021biri, cu at\u00e2t este mai u\u0219or s\u0103 sim\u021bi\u021bi temperatura lichidului \u0219i s\u0103 \u00eel \u00eendep\u0103rta\u021bi de pe foc la timp.<\/p>\n<p>Volum: 150 ml<\/p>\n<p>\u00cen\u0103l\u021bime: 60 mm<\/p>\n<p>&nbsp;<\/p>\n","protected":false},"excerpt":{"rendered":"<p>Can\u0103 pentru lapte cu un volum de 150 ml, \u00een\u0103l\u021bime: 60 mm.<\/p>\n","protected":false},"featured_media":8833,"template":"","meta":[],"_links":{"self":[{"href":"https:\/\/evotek.md\/ro\/wp-json\/wp\/v2\/product\/8837"}],"collection":[{"href":"https:\/\/evotek.md\/ro\/wp-json\/wp\/v2\/product"}],"about":[{"href":"https:\/\/evotek.md\/ro\/wp-json\/wp\/v2\/types\/product"}],"wp:featuredmedia":[{"embeddable":true,"href":"https:\/\/evotek.md\/ro\/wp-json\/wp\/v2\/media\/8833"}],"wp:attachment":[{"href":"https:\/\/evotek.md\/ro\/wp-json\/wp\/v2\/media?parent=8837"}],"curies":[{"name":"wp","href":"https:\/\/api.w.org\/{rel}","templated":true}]}}