{"id":8819,"date":"2020-04-15T16:57:04","date_gmt":"2020-04-15T16:57:04","guid":{"rendered":"https:\/\/evotek.md\/?post_type=product&#038;p=8819"},"modified":"2020-04-15T16:57:05","modified_gmt":"2020-04-15T16:57:05","slug":"tava-pentru-chelner-355-mm-st-412350","status":"publish","type":"product","link":"https:\/\/evotek.md\/ro\/produse\/accesorii-si-inventar-bucatarie\/tavi-pentru-chelner\/tava-pentru-chelner-355-mm-st-412350\/","title":{"rendered":"TAV\u0102 PENTRU CHELNER 355 mm -ST-412350"},"content":{"rendered":"<p><strong>TAV\u0102 PENTRU CHELNER 355 mm -ST-412350- <\/strong>Tav\u0103 antislip, oval\u0103, neagr\u0103. Are un \u00eenveli\u0219 special care \u00eempiedic\u0103 alunecarea vaselor. Acest strat ofer\u0103 un plus de confort \u0219i siguran\u021b\u0103. O astfel de tav\u0103 este foarte convenabil\u0103 pentru chelneri care transport\u0103 un num\u0103r mare de feluri de m\u00e2ncare \u00een acela\u0219i timp. Suprafa\u021ba nu absoarbe gr\u0103simile, apa, mirosurile. Produsele din acest material de dorit se fie sp\u0103late manual.<\/p>\n<p>Tav\u0103 pentru chelner, neagr\u0103 cu dimensiunea 355 mm.<\/p>\n","protected":false},"excerpt":{"rendered":"<p>Tav\u0103 pentru chelner, neagr\u0103 cu dimensiunea 355 mm.<\/p>\n","protected":false},"featured_media":8814,"template":"","meta":[],"_links":{"self":[{"href":"https:\/\/evotek.md\/ro\/wp-json\/wp\/v2\/product\/8819"}],"collection":[{"href":"https:\/\/evotek.md\/ro\/wp-json\/wp\/v2\/product"}],"about":[{"href":"https:\/\/evotek.md\/ro\/wp-json\/wp\/v2\/types\/product"}],"wp:featuredmedia":[{"embeddable":true,"href":"https:\/\/evotek.md\/ro\/wp-json\/wp\/v2\/media\/8814"}],"wp:attachment":[{"href":"https:\/\/evotek.md\/ro\/wp-json\/wp\/v2\/media?parent=8819"}],"curies":[{"name":"wp","href":"https:\/\/api.w.org\/{rel}","templated":true}]}}