{"id":8815,"date":"2020-04-15T16:54:24","date_gmt":"2020-04-15T16:54:46","guid":{"rendered":"https:\/\/evotek.md\/?post_type=product&#038;p=8815"},"modified":"2024-03-01T08:26:41","modified_gmt":"2024-03-01T08:26:41","slug":"st-412400","status":"publish","type":"product","link":"https:\/\/evotek.md\/ro\/produse\/accesorii-si-inventar-bucatarie\/tavi-pentru-chelner\/st-412400\/","title":{"rendered":"TAVA PENTRU CHELNER, DIN POLIPROPILENA \u00d8405 mm -ST-412400"},"content":{"rendered":"<p><strong>TAVA PENTRU CHELNER, DIN POLIPROPILENA \u00d8405 mm -ST-412400<\/strong><br \/>\nTav\u0103 rotunda pentru chelner, cu invelis anti-alunecare este realizata din polipropilena. Aceast\u0103 tav\u0103 poate rezista la sarcini grele, este rezistent\u0103 la deterior\u0103ri \u0219i temperaturi de p\u00e2n\u0103 la 80\u00baC.<\/p>\n","protected":false},"excerpt":{"rendered":"<p>Tav\u0103 pentru chelner, neagr\u0103 cu dimensiunea 405 mm.<\/p>\n","protected":false},"featured_media":8814,"template":"","meta":[],"_links":{"self":[{"href":"https:\/\/evotek.md\/ro\/wp-json\/wp\/v2\/product\/8815"}],"collection":[{"href":"https:\/\/evotek.md\/ro\/wp-json\/wp\/v2\/product"}],"about":[{"href":"https:\/\/evotek.md\/ro\/wp-json\/wp\/v2\/types\/product"}],"wp:featuredmedia":[{"embeddable":true,"href":"https:\/\/evotek.md\/ro\/wp-json\/wp\/v2\/media\/8814"}],"wp:attachment":[{"href":"https:\/\/evotek.md\/ro\/wp-json\/wp\/v2\/media?parent=8815"}],"curies":[{"name":"wp","href":"https:\/\/api.w.org\/{rel}","templated":true}]}}