{"id":8777,"date":"2020-04-15T16:16:06","date_gmt":"2020-04-15T16:16:06","guid":{"rendered":"https:\/\/evotek.md\/?post_type=product&#038;p=8777"},"modified":"2020-10-27T14:48:21","modified_gmt":"2020-10-27T14:48:21","slug":"chiureta-din-policarbonat-2-l-st-305200","status":"publish","type":"product","link":"https:\/\/evotek.md\/ro\/produse\/accesorii-si-inventar-bucatarie\/accesorii-pentru-bar\/chiureta-din-policarbonat-2-l-st-305200\/","title":{"rendered":"LOP\u0102\u021aIC\u0102 PENTRU GHEA\u021a\u0102 DIN POLICARBONAT 2 L -ST-305200"},"content":{"rendered":"<p><strong>LOP\u0102\u021aIC\u0102 PENTRU GHEA\u021a\u0102 DIN POLICARBONAT 2 L<\/strong> <strong>-ST-305200-<\/strong> \u00a0form\u0103 confortabil\u0103, material translucid cu rezisten\u021b\u0103 bun\u0103, temperatura cuprins\u0103 \u00eentre -40 \u0219i + 99 \u00b0 C.<\/p>\n<p>&nbsp;<\/p>\n","protected":false},"excerpt":{"rendered":"<p>Lop\u0103\u021bic\u0103 pentru ghea\u021b\u0103 din policarbonatn 2 l.<\/p>\n","protected":false},"featured_media":8757,"template":"","meta":[],"_links":{"self":[{"href":"https:\/\/evotek.md\/ro\/wp-json\/wp\/v2\/product\/8777"}],"collection":[{"href":"https:\/\/evotek.md\/ro\/wp-json\/wp\/v2\/product"}],"about":[{"href":"https:\/\/evotek.md\/ro\/wp-json\/wp\/v2\/types\/product"}],"wp:featuredmedia":[{"embeddable":true,"href":"https:\/\/evotek.md\/ro\/wp-json\/wp\/v2\/media\/8757"}],"wp:attachment":[{"href":"https:\/\/evotek.md\/ro\/wp-json\/wp\/v2\/media?parent=8777"}],"curies":[{"name":"wp","href":"https:\/\/api.w.org\/{rel}","templated":true}]}}