{"id":8769,"date":"2020-04-15T16:13:05","date_gmt":"2020-04-15T16:13:05","guid":{"rendered":"https:\/\/evotek.md\/?post_type=product&#038;p=8769"},"modified":"2020-10-27T14:48:54","modified_gmt":"2020-10-27T14:48:54","slug":"chiureta-din-aluminiu-018-l-st-304071","status":"publish","type":"product","link":"https:\/\/evotek.md\/ro\/produse\/accesorii-si-inventar-bucatarie\/accesorii-pentru-bar\/chiureta-din-aluminiu-018-l-st-304071\/","title":{"rendered":"LOP\u0102\u021aIC\u0102 PENTRU GHEA\u021a\u0102 DIN ALUMINIU 0,18 L -ST-304071"},"content":{"rendered":"<p><strong>LOP\u0102\u021aIC\u0102 PENTRU GHEA\u021a\u0102 DIN ALUMINIU 0,18 L<\/strong> <strong>-ST-304071-<\/strong> Chiuret\u0103 din aluminiu pentru ghea\u021b\u0103 cu o form\u0103 convenabil\u0103.<\/p>\n<p>Lop\u0103\u021bic\u0103 pentru ghea\u021b\u0103 din aluminiu pentru ghea\u021b\u0103. Capacitate: 0,18 L<\/p>\n","protected":false},"excerpt":{"rendered":"<p>Lop\u0103\u021bic\u0103 pentru ghea\u021b\u0103 din aluminiu pentru ghea\u021b\u0103. Capacitate: 0,18 L<\/p>\n","protected":false},"featured_media":8762,"template":"","meta":[],"_links":{"self":[{"href":"https:\/\/evotek.md\/ro\/wp-json\/wp\/v2\/product\/8769"}],"collection":[{"href":"https:\/\/evotek.md\/ro\/wp-json\/wp\/v2\/product"}],"about":[{"href":"https:\/\/evotek.md\/ro\/wp-json\/wp\/v2\/types\/product"}],"wp:featuredmedia":[{"embeddable":true,"href":"https:\/\/evotek.md\/ro\/wp-json\/wp\/v2\/media\/8762"}],"wp:attachment":[{"href":"https:\/\/evotek.md\/ro\/wp-json\/wp\/v2\/media?parent=8769"}],"curies":[{"name":"wp","href":"https:\/\/api.w.org\/{rel}","templated":true}]}}