{"id":8766,"date":"2020-04-15T16:05:15","date_gmt":"2020-04-15T16:05:42","guid":{"rendered":"https:\/\/evotek.md\/?post_type=product&#038;p=8766"},"modified":"2024-05-07T07:00:17","modified_gmt":"2024-05-07T07:00:17","slug":"st-304072","status":"publish","type":"product","link":"https:\/\/evotek.md\/ro\/produse\/accesorii-si-inventar-bucatarie\/accesorii-pentru-bar\/st-304072\/","title":{"rendered":"LOP\u0102\u021aIC\u0102 PENTRU GHEA\u021a\u0102 DIN ALUMINIU 470 ml -ST-304072"},"content":{"rendered":"<p><strong>LOP\u0102\u021aIC\u0102 PENTRU GHEA\u021a\u0102 DIN ALUMINIU 470 ml<\/strong>\u00a0<strong>-ST-304072-<\/strong> Chiuret\u0103 din aluminiu pentru ghea\u021b\u0103 cu o form\u0103 convenabil\u0103.<\/p>\n<p>Lop\u0103\u021bic\u0103 pentru ghea\u021b\u0103 din aluminiu pentru ghea\u021b\u0103. Capacitate: 0,47 L<\/p>\n","protected":false},"excerpt":{"rendered":"<p>Lop\u0103\u021bic\u0103 pentru ghea\u021b\u0103 din aluminiu pentru ghea\u021b\u0103. Capacitate: 470 ml<\/p>\n","protected":false},"featured_media":8762,"template":"","meta":[],"_links":{"self":[{"href":"https:\/\/evotek.md\/ro\/wp-json\/wp\/v2\/product\/8766"}],"collection":[{"href":"https:\/\/evotek.md\/ro\/wp-json\/wp\/v2\/product"}],"about":[{"href":"https:\/\/evotek.md\/ro\/wp-json\/wp\/v2\/types\/product"}],"wp:featuredmedia":[{"embeddable":true,"href":"https:\/\/evotek.md\/ro\/wp-json\/wp\/v2\/media\/8762"}],"wp:attachment":[{"href":"https:\/\/evotek.md\/ro\/wp-json\/wp\/v2\/media?parent=8766"}],"curies":[{"name":"wp","href":"https:\/\/api.w.org\/{rel}","templated":true}]}}