{"id":8758,"date":"2020-04-15T16:01:36","date_gmt":"2020-04-15T16:01:36","guid":{"rendered":"https:\/\/evotek.md\/?post_type=product&#038;p=8758"},"modified":"2020-10-27T14:48:26","modified_gmt":"2020-10-27T14:48:26","slug":"chiureta-din-policarbonat-1-l-st-305100","status":"publish","type":"product","link":"https:\/\/evotek.md\/ro\/produse\/accesorii-si-inventar-bucatarie\/accesorii-pentru-bar\/chiureta-din-policarbonat-1-l-st-305100\/","title":{"rendered":"LOP\u0102\u021aIC\u0102 PENTRU GHEA\u021a\u0102 DIN POLICARBONAT 1 L -ST-305100"},"content":{"rendered":"<p><strong>LOP\u0102\u021aIC\u0102 PENTRU GHEA\u021a\u0102 DIN POLICARBONAT 1 L<\/strong> <strong>&#8211;<\/strong><strong>ST-305100<\/strong><strong>&#8211;<\/strong> \u00a0form\u0103 confortabil\u0103, material translucid cu rezisten\u021b\u0103 bun\u0103, temperatura cuprins\u0103 \u00eentre -40 \u0219i + 99 \u00b0 C.<\/p>\n<p>&nbsp;<\/p>\n","protected":false},"excerpt":{"rendered":"<p>Lop\u0103\u021bic\u0103 pentru ghea\u021b\u0103 din policarbonatn 1 l.<\/p>\n","protected":false},"featured_media":8757,"template":"","meta":[],"_links":{"self":[{"href":"https:\/\/evotek.md\/ro\/wp-json\/wp\/v2\/product\/8758"}],"collection":[{"href":"https:\/\/evotek.md\/ro\/wp-json\/wp\/v2\/product"}],"about":[{"href":"https:\/\/evotek.md\/ro\/wp-json\/wp\/v2\/types\/product"}],"wp:featuredmedia":[{"embeddable":true,"href":"https:\/\/evotek.md\/ro\/wp-json\/wp\/v2\/media\/8757"}],"wp:attachment":[{"href":"https:\/\/evotek.md\/ro\/wp-json\/wp\/v2\/media?parent=8758"}],"curies":[{"name":"wp","href":"https:\/\/api.w.org\/{rel}","templated":true}]}}