{"id":8753,"date":"2020-04-15T15:59:57","date_gmt":"2020-04-15T15:59:57","guid":{"rendered":"https:\/\/evotek.md\/?post_type=product&#038;p=8753"},"modified":"2020-04-15T15:59:57","modified_gmt":"2020-04-15T15:59:57","slug":"dispenser-pentru-bar-st-473500","status":"publish","type":"product","link":"https:\/\/evotek.md\/ro\/produse\/accesorii-si-inventar-bucatarie\/accesorii-pentru-bar\/dispenser-pentru-bar-st-473500\/","title":{"rendered":"DISPENSER PENTRU BAR -ST-473500"},"content":{"rendered":"<p><strong>DISPENSER PENTRU BAR<\/strong> <strong>-ST-473500- <\/strong>Conceput pentru servirea aditivilor la b\u0103uturi: m\u0103sline, felii de l\u0103m\u00e2ie etc. Are 5 containere retractabile cu dimensiuni de 500x160x90 mm. Recipientul este foarte practic \u0219i func\u021bional \u0219i se potrive\u0219te perfect \u00een baruri \u0219i restaurante.<\/p>\n<p>&nbsp;<\/p>\n","protected":false},"excerpt":{"rendered":"<p>Dispenser cu 5 containere pentru adausuri la b\u0103uturi, cu dimensiunile 500x160x90 mm.<\/p>\n","protected":false},"featured_media":8752,"template":"","meta":[],"_links":{"self":[{"href":"https:\/\/evotek.md\/ro\/wp-json\/wp\/v2\/product\/8753"}],"collection":[{"href":"https:\/\/evotek.md\/ro\/wp-json\/wp\/v2\/product"}],"about":[{"href":"https:\/\/evotek.md\/ro\/wp-json\/wp\/v2\/types\/product"}],"wp:featuredmedia":[{"embeddable":true,"href":"https:\/\/evotek.md\/ro\/wp-json\/wp\/v2\/media\/8752"}],"wp:attachment":[{"href":"https:\/\/evotek.md\/ro\/wp-json\/wp\/v2\/media?parent=8753"}],"curies":[{"name":"wp","href":"https:\/\/api.w.org\/{rel}","templated":true}]}}