{"id":8748,"date":"2020-04-15T15:58:23","date_gmt":"2020-04-15T15:58:23","guid":{"rendered":"https:\/\/evotek.md\/?post_type=product&#038;p=8748"},"modified":"2020-04-15T15:58:23","modified_gmt":"2020-04-15T15:58:23","slug":"deschizator-de-sticle-180-mm-st-472101","status":"publish","type":"product","link":"https:\/\/evotek.md\/ro\/produse\/accesorii-si-inventar-bucatarie\/accesorii-pentru-bar\/deschizator-de-sticle-180-mm-st-472101\/","title":{"rendered":"DESCHIZ\u0102TOR DE STICLE 180 mm -ST-472101"},"content":{"rendered":"<p><strong>DESCHIZ\u0102TOR DE STICLE 180 mm<\/strong> <strong>-ST-472101- <\/strong>Deschiz\u0103tor plat din inox cu m\u00e2ner din plastic antiderapant. Un aparat de buc\u0103t\u0103rie conceput pentru a \u00eendep\u0103rta \u00een mod convenabil capacele metalice de la sticle.<\/p>\n<p>&nbsp;<\/p>\n","protected":false},"excerpt":{"rendered":"<p>Deschiz\u0103tor de sticle, din inox cu m\u00e2ner din plastic antiderapant cu lungimea de 180 mm.<\/p>\n","protected":false},"featured_media":8747,"template":"","meta":[],"_links":{"self":[{"href":"https:\/\/evotek.md\/ro\/wp-json\/wp\/v2\/product\/8748"}],"collection":[{"href":"https:\/\/evotek.md\/ro\/wp-json\/wp\/v2\/product"}],"about":[{"href":"https:\/\/evotek.md\/ro\/wp-json\/wp\/v2\/types\/product"}],"wp:featuredmedia":[{"embeddable":true,"href":"https:\/\/evotek.md\/ro\/wp-json\/wp\/v2\/media\/8747"}],"wp:attachment":[{"href":"https:\/\/evotek.md\/ro\/wp-json\/wp\/v2\/media?parent=8748"}],"curies":[{"name":"wp","href":"https:\/\/api.w.org\/{rel}","templated":true}]}}