{"id":8743,"date":"2020-04-15T15:56:54","date_gmt":"2020-04-15T15:56:54","guid":{"rendered":"https:\/\/evotek.md\/?post_type=product&#038;p=8743"},"modified":"2020-04-15T15:56:54","modified_gmt":"2020-04-15T15:56:54","slug":"deschizator-de-sticle-127-mm-st-472100","status":"publish","type":"product","link":"https:\/\/evotek.md\/ro\/produse\/accesorii-si-inventar-bucatarie\/accesorii-pentru-bar\/deschizator-de-sticle-127-mm-st-472100\/","title":{"rendered":"DESCHIZ\u0102TOR DE STICLE 127 mm -ST-472100"},"content":{"rendered":"<p><strong>DESCHIZ\u0102TOR DE STICLE 127 mm<\/strong> <strong>-ST-472100- <\/strong>un aparat de buc\u0103t\u0103rie conceput pentru a \u00eendep\u0103rta \u00een mod convenabil capacele metalice de la sticle. Din inox.<\/p>\n<p>Deschiz\u0103tor de sticle, din inox cu lungimea de 127 mm.<\/p>\n","protected":false},"excerpt":{"rendered":"<p>Deschiz\u0103tor de sticle, din inox cu lungimea de 127 mm.<\/p>\n","protected":false},"featured_media":8742,"template":"","meta":[],"_links":{"self":[{"href":"https:\/\/evotek.md\/ro\/wp-json\/wp\/v2\/product\/8743"}],"collection":[{"href":"https:\/\/evotek.md\/ro\/wp-json\/wp\/v2\/product"}],"about":[{"href":"https:\/\/evotek.md\/ro\/wp-json\/wp\/v2\/types\/product"}],"wp:featuredmedia":[{"embeddable":true,"href":"https:\/\/evotek.md\/ro\/wp-json\/wp\/v2\/media\/8742"}],"wp:attachment":[{"href":"https:\/\/evotek.md\/ro\/wp-json\/wp\/v2\/media?parent=8743"}],"curies":[{"name":"wp","href":"https:\/\/api.w.org\/{rel}","templated":true}]}}