{"id":8739,"date":"2020-04-15T15:54:48","date_gmt":"2020-04-15T15:55:20","guid":{"rendered":"https:\/\/evotek.md\/?post_type=product&#038;p=8739"},"modified":"2022-10-19T06:58:17","modified_gmt":"2022-10-19T06:58:17","slug":"spill-stop-st-473910","status":"publish","type":"product","link":"https:\/\/evotek.md\/ro\/produse\/accesorii-si-inventar-bucatarie\/accesorii-pentru-bar\/spill-stop-st-473910\/","title":{"rendered":"COVOR DIN CAUCIUC PENTRU BAR (SPILL STOP) 45&#215;30 cm -ST-473910"},"content":{"rendered":"<p><strong>COVOR DIN CAUCIUC PENTRU BAR (SPILL STOP) 45&#215;30 cm -ST-473910- <\/strong>Covora\u0219ul barmenului cu pernu\u021be practice din plastic rezistent. \u0218terge\u021bi cu o c\u00e2rp\u0103 umed\u0103 sau cl\u0103ti\u021bi sub ap\u0103 curg\u0103toare. Nu se folose\u0219te \u00een ma\u0219ina de sp\u0103lat vase.<\/p>\n<p>Covora\u0219ul barmenului cu dimensiunea de 450\u0445300\u044510 mm.<\/p>\n","protected":false},"excerpt":{"rendered":"<p>Covora\u0219ul barmenului cu dimensiunea de 450\u0445300\u044510 mm.<\/p>\n","protected":false},"featured_media":8735,"template":"","meta":[],"_links":{"self":[{"href":"https:\/\/evotek.md\/ro\/wp-json\/wp\/v2\/product\/8739"}],"collection":[{"href":"https:\/\/evotek.md\/ro\/wp-json\/wp\/v2\/product"}],"about":[{"href":"https:\/\/evotek.md\/ro\/wp-json\/wp\/v2\/types\/product"}],"wp:featuredmedia":[{"embeddable":true,"href":"https:\/\/evotek.md\/ro\/wp-json\/wp\/v2\/media\/8735"}],"wp:attachment":[{"href":"https:\/\/evotek.md\/ro\/wp-json\/wp\/v2\/media?parent=8739"}],"curies":[{"name":"wp","href":"https:\/\/api.w.org\/{rel}","templated":true}]}}