{"id":8731,"date":"2020-04-15T15:52:48","date_gmt":"2020-04-15T15:52:48","guid":{"rendered":"https:\/\/evotek.md\/?post_type=product&#038;p=8731"},"modified":"2020-04-15T15:52:48","modified_gmt":"2020-04-15T15:52:48","slug":"organizator-pentru-bar-st-477100","status":"publish","type":"product","link":"https:\/\/evotek.md\/ro\/produse\/accesorii-si-inventar-bucatarie\/accesorii-pentru-bar\/organizator-pentru-bar-st-477100\/","title":{"rendered":"ORGANIZATOR PENTRU BAR -ST-477100"},"content":{"rendered":"<p><strong>ORGANIZATOR PENTRU BAR -ST-477100-<\/strong> Organizator pentru barului este un accesoriu conceput pentru a spori confortul personalului: \u00een el se poate depozita amestec\u0103tor pentru b\u0103uturi calde, pai pentru cocktail-uri, \u0219erve\u021bele, \u0219i alte lucruri importante necesare barmanului pentru a-\u0219i servi oaspe\u021bii.<\/p>\n<p>&nbsp;<\/p>\n","protected":false},"excerpt":{"rendered":"<p>Organizator pentru bar, negru.<\/p>\n","protected":false},"featured_media":8730,"template":"","meta":[],"_links":{"self":[{"href":"https:\/\/evotek.md\/ro\/wp-json\/wp\/v2\/product\/8731"}],"collection":[{"href":"https:\/\/evotek.md\/ro\/wp-json\/wp\/v2\/product"}],"about":[{"href":"https:\/\/evotek.md\/ro\/wp-json\/wp\/v2\/types\/product"}],"wp:featuredmedia":[{"embeddable":true,"href":"https:\/\/evotek.md\/ro\/wp-json\/wp\/v2\/media\/8730"}],"wp:attachment":[{"href":"https:\/\/evotek.md\/ro\/wp-json\/wp\/v2\/media?parent=8731"}],"curies":[{"name":"wp","href":"https:\/\/api.w.org\/{rel}","templated":true}]}}