{"id":8726,"date":"2020-04-15T15:51:24","date_gmt":"2020-04-15T15:51:24","guid":{"rendered":"https:\/\/evotek.md\/?post_type=product&#038;p=8726"},"modified":"2020-04-15T15:51:24","modified_gmt":"2020-04-15T15:51:24","slug":"rimmer-pentru-decorarea-paharelor-st-477000","status":"publish","type":"product","link":"https:\/\/evotek.md\/ro\/produse\/accesorii-si-inventar-bucatarie\/accesorii-pentru-bar\/rimmer-pentru-decorarea-paharelor-st-477000\/","title":{"rendered":"RIMMER PENTRU DECORAREA PAHARELOR -ST-477000"},"content":{"rendered":"<p><strong>RIMMER PENTRU DECORAREA PAHARELOR -ST-477000-<\/strong> Acest dispozitiv este folosit pentru decorarea paharelor cu sare \u0219i zah\u0103r, este un instrument universal, excelent pentru diferite cocktail-uri. Fabricat din plastic ABS de calitate industrial\u0103, flexibil \u0219i u\u0219or. De culoare neagr\u0103 ce se combin\u0103 cu orice decor, se pliaz\u0103 \u0219i nu se vars\u0103.<\/p>\n<p>&nbsp;<\/p>\n","protected":false},"excerpt":{"rendered":"<p>Rimmer pentru decorarea paharelor.<\/p>\n","protected":false},"featured_media":8725,"template":"","meta":[],"_links":{"self":[{"href":"https:\/\/evotek.md\/ro\/wp-json\/wp\/v2\/product\/8726"}],"collection":[{"href":"https:\/\/evotek.md\/ro\/wp-json\/wp\/v2\/product"}],"about":[{"href":"https:\/\/evotek.md\/ro\/wp-json\/wp\/v2\/types\/product"}],"wp:featuredmedia":[{"embeddable":true,"href":"https:\/\/evotek.md\/ro\/wp-json\/wp\/v2\/media\/8725"}],"wp:attachment":[{"href":"https:\/\/evotek.md\/ro\/wp-json\/wp\/v2\/media?parent=8726"}],"curies":[{"name":"wp","href":"https:\/\/api.w.org\/{rel}","templated":true}]}}