{"id":8721,"date":"2020-04-15T15:48:46","date_gmt":"2020-04-15T15:49:16","guid":{"rendered":"https:\/\/evotek.md\/?post_type=product&#038;p=8721"},"modified":"2022-09-20T12:51:06","modified_gmt":"2022-09-20T12:51:06","slug":"tirbuson-negru-pentru-chelner-l-120-mm-st-472999","status":"publish","type":"product","link":"https:\/\/evotek.md\/ro\/produse\/accesorii-si-inventar-bucatarie\/accesorii-pentru-bar\/tirbuson-negru-pentru-chelner-l-120-mm-st-472999\/","title":{"rendered":"TIRBUSON NEGRU PENTRU CHELNER L-120 mm -ST-472999"},"content":{"rendered":"<p><strong>T<\/strong><strong>IRBUSON NEGRU PENTRU CHELNER <\/strong><strong>L-120 <\/strong><strong>mm<\/strong> <strong>-ST-472999- <\/strong>Setul tradi\u021bional pentru munca barmanului este completat de diverse decora\u021biuni pentru cocktail-uri, toc\u0103toare speciale pentru bar \u0219i cu\u021bite pentru coaj\u0103. Tirbu\u0219onul este un dispozitiv sub form\u0103 de tij\u0103 metalic\u0103, cu un inel sau m\u00e2ner la cap\u0103t pentru a trage dopul sticlei.<\/p>\n<p>&nbsp;<\/p>\n","protected":false},"excerpt":{"rendered":"<p>Tirbu\u0219on pentru chelner L-120 mm, negru.<\/p>\n","protected":false},"featured_media":8720,"template":"","meta":[],"_links":{"self":[{"href":"https:\/\/evotek.md\/ro\/wp-json\/wp\/v2\/product\/8721"}],"collection":[{"href":"https:\/\/evotek.md\/ro\/wp-json\/wp\/v2\/product"}],"about":[{"href":"https:\/\/evotek.md\/ro\/wp-json\/wp\/v2\/types\/product"}],"wp:featuredmedia":[{"embeddable":true,"href":"https:\/\/evotek.md\/ro\/wp-json\/wp\/v2\/media\/8720"}],"wp:attachment":[{"href":"https:\/\/evotek.md\/ro\/wp-json\/wp\/v2\/media?parent=8721"}],"curies":[{"name":"wp","href":"https:\/\/api.w.org\/{rel}","templated":true}]}}