{"id":8618,"date":"2020-04-14T16:38:12","date_gmt":"2020-04-14T16:38:12","guid":{"rendered":"https:\/\/evotek.md\/?post_type=product&#038;p=8618"},"modified":"2020-05-19T11:20:18","modified_gmt":"2020-05-19T11:20:18","slug":"razatoare-standard-vc450-4-mm-m-09301109","status":"publish","type":"product","link":"https:\/\/evotek.md\/ro\/produse\/echipamente-electromecanice\/feliatoare-legume-si-cutite-feliatoare\/cutite-pentru-feliator-legume\/razatoare-standard-vc450-4-mm-m-09301109\/","title":{"rendered":"DISC R\u0102Z\u0102TOARE STANDARD VC450 4 mm -M-09301109"},"content":{"rendered":"<p><strong>DISC R\u0102Z\u0102TOARE STANDARD VC450 4 mm -M-09301109-<\/strong> utilizat ca duz\u0103 pentru un feliator profesional de legume, destinat pentru diferite legume.<\/p>\n<p>R\u0103z\u0103toare standard 4 mm, multipunctat\u0103.<\/p>\n","protected":false},"excerpt":{"rendered":"<p>R\u0103z\u0103toare standard 4 mm, multipunctat\u0103.<\/p>\n","protected":false},"featured_media":8617,"template":"","meta":[],"_links":{"self":[{"href":"https:\/\/evotek.md\/ro\/wp-json\/wp\/v2\/product\/8618"}],"collection":[{"href":"https:\/\/evotek.md\/ro\/wp-json\/wp\/v2\/product"}],"about":[{"href":"https:\/\/evotek.md\/ro\/wp-json\/wp\/v2\/types\/product"}],"wp:featuredmedia":[{"embeddable":true,"href":"https:\/\/evotek.md\/ro\/wp-json\/wp\/v2\/media\/8617"}],"wp:attachment":[{"href":"https:\/\/evotek.md\/ro\/wp-json\/wp\/v2\/media?parent=8618"}],"curies":[{"name":"wp","href":"https:\/\/api.w.org\/{rel}","templated":true}]}}