{"id":8613,"date":"2020-04-14T16:34:41","date_gmt":"2020-04-14T16:34:41","guid":{"rendered":"https:\/\/evotek.md\/?post_type=product&#038;p=8613"},"modified":"2020-05-19T11:20:29","modified_gmt":"2020-05-19T11:20:29","slug":"razatoare-standard-vc450-3-mm-m-09301110","status":"publish","type":"product","link":"https:\/\/evotek.md\/ro\/produse\/echipamente-electromecanice\/feliatoare-legume-si-cutite-feliatoare\/cutite-pentru-feliator-legume\/razatoare-standard-vc450-3-mm-m-09301110\/","title":{"rendered":"DISC R\u0102Z\u0102TOARE STANDARD VC450 3 mm -M-09301110"},"content":{"rendered":"<p><strong>DISC R\u0102Z\u0102TOARE STANDARD VC450 3 mm -M-09301110-<\/strong> utilizat ca duz\u0103 pentru un feliator profesional de legume, destinat pentru diferite legume.<\/p>\n<p>R\u0103z\u0103toare standard 3 mm, multipunctat\u0103.<\/p>\n","protected":false},"excerpt":{"rendered":"<p>R\u0103z\u0103toare standard 3 mm, multipunctat\u0103.<\/p>\n","protected":false},"featured_media":8612,"template":"","meta":[],"_links":{"self":[{"href":"https:\/\/evotek.md\/ro\/wp-json\/wp\/v2\/product\/8613"}],"collection":[{"href":"https:\/\/evotek.md\/ro\/wp-json\/wp\/v2\/product"}],"about":[{"href":"https:\/\/evotek.md\/ro\/wp-json\/wp\/v2\/types\/product"}],"wp:featuredmedia":[{"embeddable":true,"href":"https:\/\/evotek.md\/ro\/wp-json\/wp\/v2\/media\/8612"}],"wp:attachment":[{"href":"https:\/\/evotek.md\/ro\/wp-json\/wp\/v2\/media?parent=8613"}],"curies":[{"name":"wp","href":"https:\/\/api.w.org\/{rel}","templated":true}]}}