{"id":8581,"date":"2020-04-14T15:12:13","date_gmt":"2020-04-14T15:16:18","guid":{"rendered":"https:\/\/evotek.md\/?post_type=product&#038;p=8581"},"modified":"2022-10-04T11:27:19","modified_gmt":"2022-10-04T11:27:19","slug":"feliator-de-legume-vc450-m-09300235","status":"publish","type":"product","link":"https:\/\/evotek.md\/ro\/produse\/echipamente-electromecanice\/feliatoare-legume-si-cutite-feliatoare\/feliatoare-legume\/feliator-de-legume-vc450-m-09300235\/","title":{"rendered":"FELIATOR DE LEGUME 50-450 kg\/h VC450 -M-09300235"},"content":{"rendered":"<p><strong>FELIATOR DE LEGUME 50-450 kg\/h VC450 -M-09300235- <\/strong>Acesta este un aparat de buc\u0103t\u0103rie pentru t\u0103ierea legumelor. Nu conteaz\u0103 dac\u0103 legumele sunt mici, mari, lungi sau late, deoarece acest feliator de legume are o intrare cu un \u00eemping\u0103tor, cu care pute\u021bi t\u0103ia diferite legume. Acest feliator de legume are o carcas\u0103 durabil\u0103 din aluminiu.<\/p>\n<p>Caracteristici<br \/>\nCarcas\u0103 robust\u0103 din aluminiu<br \/>\n1 viteza 270 rpm<br \/>\nDeschidere a p\u00e2rghiei pentru produse mari<br \/>\nDeschidere \u00eemping\u0103tor pentru produse mici \u0219i lungi<br \/>\nSiguranta in maner<br \/>\n\u00centrerup\u0103tor de urgen\u021b\u0103 \u00een capac<br \/>\nCapacitate de la 50 la 450 kg pe or\u0103<br \/>\nSt\u0103 pe patru picioare de cauciuc<br \/>\nUsor de curatat<br \/>\nGreutate neta: 22,46 kg<br \/>\nDimensiuni: H400 x L290 x D540 mm<br \/>\nImpingator rotund: diametru 50 mm<br \/>\nDiferite gauri rotunde: 80x170mm<br \/>\nConexiune: 230V\/50Hz\/1 faza 550W<\/p>\n<p><strong>Not\u0103.<\/strong> Pentru cuburi, utiliza\u021bi o gril\u0103 de t\u0103iat cubule\u021be cu o feliatoare standard.<\/p>\n<p><strong>Include 5 discuri de t\u0103iere:<\/strong><br \/>\nStandard pentru feliere de 2 mm (grosime felie 2 mm \u0219i 4 mm)<br \/>\nStandard pentru r\u0103z\u0103toare de 3 mm (cu g\u0103uri de 3 mm, 4 mm \u0219i 7 mm)<\/p>\n<p>&nbsp;<\/p>\n","protected":false},"excerpt":{"rendered":"<p>Feliator de legumede cu capacitatea de la 50 la 450 kg pe or\u0103; Carcas\u0103 robust\u0103 din aluminiu; 1 viteza 270 rpm; Deschidere a p\u00e2rghiei pentru produse mari; Deschidere \u00eemping\u0103tor pentru produse mici \u0219i lungi; Siguranta in maner; \u00centrerup\u0103tor de urgen\u021b\u0103 \u00een capac; Capacitate de la 50 la 450 kg pe or\u0103; St\u0103 pe patru picioare de cauciuc; Usor de curatat; Greutate neta: 22,46 kg; Dimensiuni: H400 x L290 x D540 mm; Impingator rotund: diametru 50 mm; Diferite gauri rotunde: 80&#215;170 mm; Conexiune: 230V\/50Hz\/1 faza 550 W.<\/p>\n","protected":false},"featured_media":8574,"template":"","meta":[],"_links":{"self":[{"href":"https:\/\/evotek.md\/ro\/wp-json\/wp\/v2\/product\/8581"}],"collection":[{"href":"https:\/\/evotek.md\/ro\/wp-json\/wp\/v2\/product"}],"about":[{"href":"https:\/\/evotek.md\/ro\/wp-json\/wp\/v2\/types\/product"}],"wp:featuredmedia":[{"embeddable":true,"href":"https:\/\/evotek.md\/ro\/wp-json\/wp\/v2\/media\/8574"}],"wp:attachment":[{"href":"https:\/\/evotek.md\/ro\/wp-json\/wp\/v2\/media?parent=8581"}],"curies":[{"name":"wp","href":"https:\/\/api.w.org\/{rel}","templated":true}]}}