{"id":8554,"date":"2020-04-14T14:00:37","date_gmt":"2020-04-14T14:01:38","guid":{"rendered":"https:\/\/evotek.md\/?post_type=product&#038;p=8554"},"modified":"2021-07-13T09:29:36","modified_gmt":"2021-07-13T09:29:36","slug":"blender-400-mm-m-08400700","status":"publish","type":"product","link":"https:\/\/evotek.md\/ro\/produse\/echipamente-pentru-bar-si-cafea\/blendere-echipamente-pentru-bar\/blender-400-mm-m-08400700\/","title":{"rendered":"BLENDER 400 STICK mm -M-08400700"},"content":{"rendered":"<p><strong>BLENDER STICK 400 mm -M-08400700- <\/strong>este un blender de buc\u0103t\u0103rie cu o construc\u021bie robust\u0103 \u0219i un motor puternic cu o capacitate de 500 W \u0219i o ad\u00e2ncime de inser\u021bie de p\u00e2n\u0103 la 400 mm, la 60 litri. Blenderul de m\u00e2n\u0103 este u\u0219or de cur\u0103\u021bat \u0219i u\u0219or de folosit. Are ax interior \u0219i cu\u021bit cu rulmen\u021bi dubli. Lamele sunt din inox.<\/p>\n<p>Caracteristici<\/p>\n<p>Dimensiuni: 91\u044591\u0445800 mm<\/p>\n<p>Viteza variabil\u0103: 4.000 &#8211; 16.000 rpm<\/p>\n<p>Conexiune: 230 V\/50 Hz\/1-faz\u0103 500 W<\/p>\n<p>Ad\u00e2ncimea de inser\u021bie: 400 mm<\/p>\n<p>Greutate net\u0103: 4,6 kg<\/p>\n<p>&nbsp;<\/p>\n","protected":false},"excerpt":{"rendered":"<p>Blender 400 mm. Dimensiuni: 91\u044591\u0445800 mm; Viteza variabil\u0103: 4.000 &#8211; 16.000 rpm; Conexiune: 230 V\/50 Hz\/1-faz\u0103 500 W; Ad\u00e2ncimea de inser\u021bie: 400 mm; Greutate net\u0103: 4,6 kg.<\/p>\n","protected":false},"featured_media":8541,"template":"","meta":[],"_links":{"self":[{"href":"https:\/\/evotek.md\/ro\/wp-json\/wp\/v2\/product\/8554"}],"collection":[{"href":"https:\/\/evotek.md\/ro\/wp-json\/wp\/v2\/product"}],"about":[{"href":"https:\/\/evotek.md\/ro\/wp-json\/wp\/v2\/types\/product"}],"wp:featuredmedia":[{"embeddable":true,"href":"https:\/\/evotek.md\/ro\/wp-json\/wp\/v2\/media\/8541"}],"wp:attachment":[{"href":"https:\/\/evotek.md\/ro\/wp-json\/wp\/v2\/media?parent=8554"}],"curies":[{"name":"wp","href":"https:\/\/api.w.org\/{rel}","templated":true}]}}