{"id":8537,"date":"2020-04-14T13:56:38","date_gmt":"2020-04-14T13:57:28","guid":{"rendered":"https:\/\/evotek.md\/?post_type=product&#038;p=8537"},"modified":"2021-07-13T09:29:43","modified_gmt":"2021-07-13T09:29:43","slug":"blender-200-mm-m-08400500","status":"publish","type":"product","link":"https:\/\/evotek.md\/ro\/produse\/echipamente-pentru-bar-si-cafea\/blendere-echipamente-pentru-bar\/blender-200-mm-m-08400500\/","title":{"rendered":"BLENDER STICK 200 mm -M-08400500"},"content":{"rendered":"<p><strong>BLENDER STICK 200 mm -M-08400500- <\/strong>este un blender de buc\u0103t\u0103rie cu o construc\u021bie robust\u0103 \u0219i un motor puternic cu o capacitate de 220 W \u0219i o ad\u00e2ncime de inser\u021bie de p\u00e2n\u0103 la 200 mm, la 10 litri. Blenderul de m\u00e2n\u0103 este u\u0219or de cur\u0103\u021bat \u0219i u\u0219or de folosit. Are ax interior \u0219i cu\u021bit cu rulmen\u021bi dubli. Lamele sunt din inox.<\/p>\n<p>Caracteristici<\/p>\n<p>Dimensiuni: 75\u044575\u0445520 mm<\/p>\n<p>Viteza variabil\u0103: 4.000 &#8211; 20.000 rpm<\/p>\n<p>Conexiune: 230 V\/50 Hz\/1-faz\u0103 220 W<\/p>\n<p>Ad\u00e2ncimea de inser\u021bie: 200 mm<\/p>\n<p>Greutate net\u0103: 1,6 kg<\/p>\n<p>&nbsp;<\/p>\n<p>&nbsp;<\/p>\n<p>&nbsp;<\/p>\n","protected":false},"excerpt":{"rendered":"<p>Blender 200 mm. Dimensiuni: 75\u044575\u0445520 mm; Viteza variabil\u0103: 4.000 &#8211; 20.000 rpm; Conexiune: 230 V\/50 Hz\/1-faz\u0103 220 W; Ad\u00e2ncimea de inser\u021bie: 200 mm; Greutate net\u0103: 1,6 kg.<\/p>\n","protected":false},"featured_media":8524,"template":"","meta":[],"_links":{"self":[{"href":"https:\/\/evotek.md\/ro\/wp-json\/wp\/v2\/product\/8537"}],"collection":[{"href":"https:\/\/evotek.md\/ro\/wp-json\/wp\/v2\/product"}],"about":[{"href":"https:\/\/evotek.md\/ro\/wp-json\/wp\/v2\/types\/product"}],"wp:featuredmedia":[{"embeddable":true,"href":"https:\/\/evotek.md\/ro\/wp-json\/wp\/v2\/media\/8524"}],"wp:attachment":[{"href":"https:\/\/evotek.md\/ro\/wp-json\/wp\/v2\/media?parent=8537"}],"curies":[{"name":"wp","href":"https:\/\/api.w.org\/{rel}","templated":true}]}}