{"id":8505,"date":"2020-04-14T13:13:46","date_gmt":"2020-04-14T13:14:23","guid":{"rendered":"https:\/\/evotek.md\/?post_type=product&#038;p=8505"},"modified":"2023-04-21T07:04:34","modified_gmt":"2023-04-21T07:04:34","slug":"malaxor-spiral-msm-75-m-09361080","status":"publish","type":"product","link":"https:\/\/evotek.md\/ro\/produse\/echipamente-electromecanice\/mixer-aluat\/malaxor-spiral-msm-75-m-09361080\/","title":{"rendered":"MALAXOR CU BOL FIXAT, 75 LITRI (2 VITEZE) -M-09361080"},"content":{"rendered":"<p><strong>MALAXOR CU BOL FIXAT, 75 LITRI (2 VITEZE) -M-09361080-<\/strong> se folose\u0219te pentru fr\u0103m\u00e2ntarea diferitelor tipuri de aluat. Folosit pe scar\u0103 larg\u0103 \u00een cofet\u0103rii \u0219i brut\u0103rii, pizzerii, restaurante, cantine, cafenele. Acest aparat de buc\u0103t\u0103rie este confec\u021bionat din metal cu o acoperire durabil\u0103, ceea ce \u00eenseamn\u0103 c\u0103 va servi mult timp.<\/p>\n<p>Caracteristici<\/p>\n<p>Parametri: 580x920x1142 mm<\/p>\n<p>Bol din inox: 75 L &#8211; 53&#215;36 (h) cm<\/p>\n<p>Viteza spiralei: 120 \u0219i 240 rpm<\/p>\n<p>Viteza bolului: 15 \u0219i 30 \u00a0rpm<\/p>\n<p>Cantitate maxim\u0103 de f\u0103in\u0103: 30 kg<\/p>\n<p>Cantitate maxim\u0103 de aluat: 48 kg<\/p>\n<p>Conexiune: 400 V\/50 Hz\/1 faz\u0103 2400 W<\/p>\n<p>Greutate net\u0103: 204 kg<\/p>\n<p>&nbsp;<\/p>\n<p>&nbsp;<\/p>\n","protected":false},"excerpt":{"rendered":"<p>Malaxor spiral la 75 litri. Parametri: 580x920x1142 mm; Viteza spiralei: 120 \u0219i 240 rpm; Viteza bolului: 15 \u0219i 30 rpm; Cantitate maxim\u0103 de f\u0103in\u0103: 30 kg; Cantitate maxim\u0103 de aluat: 48 kg; Conexiune: 400 V\/50 Hz\/1 faz\u0103 2400 W; Greutate net\u0103: 204 kg.<\/p>\n","protected":false},"featured_media":8496,"template":"","meta":[],"_links":{"self":[{"href":"https:\/\/evotek.md\/ro\/wp-json\/wp\/v2\/product\/8505"}],"collection":[{"href":"https:\/\/evotek.md\/ro\/wp-json\/wp\/v2\/product"}],"about":[{"href":"https:\/\/evotek.md\/ro\/wp-json\/wp\/v2\/types\/product"}],"wp:featuredmedia":[{"embeddable":true,"href":"https:\/\/evotek.md\/ro\/wp-json\/wp\/v2\/media\/8496"}],"wp:attachment":[{"href":"https:\/\/evotek.md\/ro\/wp-json\/wp\/v2\/media?parent=8505"}],"curies":[{"name":"wp","href":"https:\/\/api.w.org\/{rel}","templated":true}]}}