{"id":8492,"date":"2020-04-14T13:06:27","date_gmt":"2020-04-14T13:07:25","guid":{"rendered":"https:\/\/evotek.md\/?post_type=product&#038;p=8492"},"modified":"2023-04-21T07:07:16","modified_gmt":"2023-04-21T07:07:16","slug":"malaxor-spiral-msm-50-m-09361050","status":"publish","type":"product","link":"https:\/\/evotek.md\/ro\/produse\/echipamente-electromecanice\/mixer-aluat\/malaxor-spiral-msm-50-m-09361050\/","title":{"rendered":"MALAXOR CU BOL FIXAT, 50 LITRI (2 VITEZE) -M-09361050"},"content":{"rendered":"<p><strong>MALAXOR CU BOL FIXAT, 50 LITRI (2 VITEZE) -M-09361050-<\/strong> se folose\u0219te pentru fr\u0103m\u00e2ntarea diferitelor tipuri de aluat. Folosit pe scar\u0103 larg\u0103 \u00een cofet\u0103rii \u0219i brut\u0103rii, pizzerii, restaurante, cantine, cafenele. Acest aparat de buc\u0103t\u0103rie este confec\u021bionat din metal cu o acoperire durabil\u0103, ceea ce \u00eenseamn\u0103 c\u0103 va servi mult timp.<\/p>\n<p>Caracteristici<\/p>\n<p>Parametri: 532x800x1052 mm<\/p>\n<p>Bol din inox: 50,0 L &#8211; 50&#215;30 (h) cm<\/p>\n<p>Viteza spiralei: 120 \u0219i 240 rpm<\/p>\n<p>Viteza bolului: 15 \u0219i 30 \u00a0rpm<\/p>\n<p>Cantitate maxim\u0103 de f\u0103in\u0103: 20 kg<\/p>\n<p>Cantitate maxim\u0103 de aluat: 32 kg<\/p>\n<p>Conexiune: 400 V\/50 Hz\/1 faz\u0103 2400 W<\/p>\n<p>Greutate net\u0103: 143 kg<\/p>\n<p>&nbsp;<\/p>\n<p>&nbsp;<\/p>\n","protected":false},"excerpt":{"rendered":"<p>Malaxor spiral la 50 litri. Parametri: 532x800x1052 mm; Viteza spiralei: 120 \u0219i 240 rpm; Viteza bolului: 15 \u0219i 30 rpm; Cantitate maxim\u0103 de f\u0103in\u0103: 20 kg; Cantitate maxim\u0103 de aluat: 32 kg; Conexiune: 400 V\/50 Hz\/1 faz\u0103 2400 W; Greutate net\u0103: 143 kg.<\/p>\n","protected":false},"featured_media":8480,"template":"","meta":[],"_links":{"self":[{"href":"https:\/\/evotek.md\/ro\/wp-json\/wp\/v2\/product\/8492"}],"collection":[{"href":"https:\/\/evotek.md\/ro\/wp-json\/wp\/v2\/product"}],"about":[{"href":"https:\/\/evotek.md\/ro\/wp-json\/wp\/v2\/types\/product"}],"wp:featuredmedia":[{"embeddable":true,"href":"https:\/\/evotek.md\/ro\/wp-json\/wp\/v2\/media\/8480"}],"wp:attachment":[{"href":"https:\/\/evotek.md\/ro\/wp-json\/wp\/v2\/media?parent=8492"}],"curies":[{"name":"wp","href":"https:\/\/api.w.org\/{rel}","templated":true}]}}