{"id":8489,"date":"2020-04-14T12:52:23","date_gmt":"2020-04-14T12:53:00","guid":{"rendered":"https:\/\/evotek.md\/?post_type=product&#038;p=8489"},"modified":"2023-03-29T12:23:00","modified_gmt":"2023-03-29T12:23:00","slug":"malaxor-spiral-msm-30-m-09361030","status":"publish","type":"product","link":"https:\/\/evotek.md\/ro\/produse\/echipamente-electromecanice\/mixer-aluat\/malaxor-spiral-msm-30-m-09361030\/","title":{"rendered":"MALAXOR SPIRAL CU BOL FIXAT, 30 LITRI -M-09361030"},"content":{"rendered":"<p><strong>MALAXOR SPIRAL CU BOL FIXAT, 30 LITRI -M-09361030-<\/strong> se folose\u0219te pentru fr\u0103m\u00e2ntarea diferitelor tipuri de aluat. Folosit pe scar\u0103 larg\u0103 \u00een cofet\u0103rii \u0219i brut\u0103rii, pizzerii, restaurante, cantine, cafenele. Acest aparat de buc\u0103t\u0103rie este confec\u021bionat din metal cu o acoperire durabil\u0103, ceea ce \u00eenseamn\u0103 c\u0103 va servi mult timp.<\/p>\n<p>Caracteristici<\/p>\n<p>Parametri: 432x725x882 mm<\/p>\n<p>Bol din inox: 30,0 L &#8211; 41&#215;27 (h) cm<\/p>\n<p>Viteza spiralei: 110 \u0219i 240 rpm<\/p>\n<p>Viteza bolului: 10 \u0219i 20 \u00a0rpm<\/p>\n<p>Cantitate maxim\u0103 de f\u0103in\u0103: 12 kg<\/p>\n<p>Cantitate maxim\u0103 de aluat: 19 kg<\/p>\n<p>Conexiune: 230 V\/50 Hz\/1 faz\u0103 1500 W<\/p>\n<p>Greutate net\u0103: 106 kg<\/p>\n<p>&nbsp;<\/p>\n<p>&nbsp;<\/p>\n","protected":false},"excerpt":{"rendered":"<p>Malaxor spiral la 30 litri. Parametri: 432x725x882 mm; Viteza spiralei: 110 \u0219i 240 rpm; Viteza bolului: 10 \u0219i 20 rpm; Cantitate maxim\u0103 de f\u0103in\u0103: 12 kg; Cantitate maxim\u0103 de aluat: 19 kg; Conexiune: 230 V\/50 Hz\/1 faz\u0103 1500 W; Greutate net\u0103: 106 kg.<\/p>\n","protected":false},"featured_media":8480,"template":"","meta":[],"_links":{"self":[{"href":"https:\/\/evotek.md\/ro\/wp-json\/wp\/v2\/product\/8489"}],"collection":[{"href":"https:\/\/evotek.md\/ro\/wp-json\/wp\/v2\/product"}],"about":[{"href":"https:\/\/evotek.md\/ro\/wp-json\/wp\/v2\/types\/product"}],"wp:featuredmedia":[{"embeddable":true,"href":"https:\/\/evotek.md\/ro\/wp-json\/wp\/v2\/media\/8480"}],"wp:attachment":[{"href":"https:\/\/evotek.md\/ro\/wp-json\/wp\/v2\/media?parent=8489"}],"curies":[{"name":"wp","href":"https:\/\/api.w.org\/{rel}","templated":true}]}}