{"id":8475,"date":"2020-04-14T12:40:42","date_gmt":"2020-04-14T12:41:43","guid":{"rendered":"https:\/\/evotek.md\/?post_type=product&#038;p=8475"},"modified":"2023-04-21T07:23:59","modified_gmt":"2023-04-21T07:23:59","slug":"malaxor-spiral-msm-20-m-09361020","status":"publish","type":"product","link":"https:\/\/evotek.md\/ro\/produse\/echipamente-electromecanice\/mixer-aluat\/malaxor-spiral-msm-20-m-09361020\/","title":{"rendered":"MALAXOR CU BOL FIXAT, 20 LITRI (2 VITEZE) -M-09361020"},"content":{"rendered":"<p><strong>MALAXOR CU BOL FIXAT, 20 LITRI (2 VITEZE) -M-09361020-<\/strong> se folose\u0219te pentru fr\u0103m\u00e2ntarea diferitelor tipuri de aluat. Folosit pe scar\u0103 larg\u0103 \u00een cofet\u0103rii \u0219i brut\u0103rii, pizzerii, restaurante, cantine, cafenele. Acest aparat de buc\u0103t\u0103rie este confec\u021bionat din metal cu o acoperire durabil\u0103, ceea ce \u00eenseamn\u0103 c\u0103 va servi mult timp.<\/p>\n<p>Caracteristici<\/p>\n<p>Parametri: 427x675x853 mm<\/p>\n<p>Bol din inox: 20,0 L &#8211; 36&#215;20 (h) cm<\/p>\n<p>Viteza spiralei: 110 \u0219i 240 rpm<\/p>\n<p>Viteza bolului: 10 \u0219i 20 \u00a0rpm<\/p>\n<p>Cantitate maxim\u0103 de f\u0103in\u0103: 8 kg<\/p>\n<p>Cantitate maxim\u0103 de aluat: 13 kg<\/p>\n<p>Conexiune: 230 V\/50 Hz\/1 faz\u0103 1100 W<\/p>\n<p>Greutate net\u0103: 90 kg<\/p>\n<p>&nbsp;<\/p>\n<p>&nbsp;<\/p>\n","protected":false},"excerpt":{"rendered":"<p>Malaxor spiral la 20 litri. Parametri: 427x675x853 mm; Viteza spiralei: 110 \u0219i 240 rpm; Viteza bolului: 10 \u0219i 20 rpm; Cantitate maxim\u0103 de f\u0103in\u0103: 8 kg; Cantitate maxim\u0103 de aluat: 13 kg; Conexiune: 230 V\/50 Hz\/1 faz\u0103 1100 W; Greutate net\u0103: 90 kg.<\/p>\n","protected":false},"featured_media":8466,"template":"","meta":[],"_links":{"self":[{"href":"https:\/\/evotek.md\/ro\/wp-json\/wp\/v2\/product\/8475"}],"collection":[{"href":"https:\/\/evotek.md\/ro\/wp-json\/wp\/v2\/product"}],"about":[{"href":"https:\/\/evotek.md\/ro\/wp-json\/wp\/v2\/types\/product"}],"wp:featuredmedia":[{"embeddable":true,"href":"https:\/\/evotek.md\/ro\/wp-json\/wp\/v2\/media\/8466"}],"wp:attachment":[{"href":"https:\/\/evotek.md\/ro\/wp-json\/wp\/v2\/media?parent=8475"}],"curies":[{"name":"wp","href":"https:\/\/api.w.org\/{rel}","templated":true}]}}