{"id":8433,"date":"2020-04-14T11:09:30","date_gmt":"2020-04-14T11:10:59","guid":{"rendered":"https:\/\/evotek.md\/?post_type=product&#038;p=8433"},"modified":"2023-03-09T10:24:41","modified_gmt":"2023-03-09T10:24:41","slug":"mixer-planetar-mpm-60-l-m-09300180","status":"publish","type":"product","link":"https:\/\/evotek.md\/ro\/produse\/echipamente-electromecanice\/mixer-planetar\/mixer-planetar-mpm-60-l-m-09300180\/","title":{"rendered":"MIXER PLANETAR, 60 LITRI (gri) -M-09300180"},"content":{"rendered":"<p><strong>MIXER PLANETAR, 60 LITRI (gri) -M-09300180-<\/strong> Este un mixer puternic planetar cu un vas robust de 60 litri, din inox. Pute\u021bi seta acest mixer planetar la trei viteze diferite: 74-150-288 rpm. Mixerul are o vitez\u0103 maxim\u0103 ridicat\u0103 \u0219i este u\u0219or de cur\u0103\u021bat. Conceput cu carcasa din font\u0103 \u0219i un strat rezistent la zg\u00e2rieturi, astfel \u00eenc\u00e2t s\u0103 pute\u021bi p\u0103stra aparatul c\u00e2t mai mult timp nou.<\/p>\n<p>Caracteristici<\/p>\n<p>Dimensiuni: 724\u0445652\u04451300 mm<\/p>\n<p>Putere: 400 V\/50 Hz\/1 faz\u0103 2500 W<\/p>\n<p>3 viteze: 74-150-288 rpm<\/p>\n<p>Butoanele de pornire \u0219i oprire separate<\/p>\n<p>Greutate net\u0103: 150 kg<\/p>\n<p>&nbsp;<\/p>\n<p>&nbsp;<\/p>\n","protected":false},"excerpt":{"rendered":"<p>Mixer planetar cu un volum de 60 litri. Dimensiuni: 724\u0445652\u04451300 mm; Putere: 400 V\/50 Hz\/1 faz\u0103 2500 W; 3 viteze: 74-150-288 rpm; Greutate net\u0103: 150 kg.<\/p>\n","protected":false},"featured_media":8422,"template":"","meta":[],"_links":{"self":[{"href":"https:\/\/evotek.md\/ro\/wp-json\/wp\/v2\/product\/8433"}],"collection":[{"href":"https:\/\/evotek.md\/ro\/wp-json\/wp\/v2\/product"}],"about":[{"href":"https:\/\/evotek.md\/ro\/wp-json\/wp\/v2\/types\/product"}],"wp:featuredmedia":[{"embeddable":true,"href":"https:\/\/evotek.md\/ro\/wp-json\/wp\/v2\/media\/8422"}],"wp:attachment":[{"href":"https:\/\/evotek.md\/ro\/wp-json\/wp\/v2\/media?parent=8433"}],"curies":[{"name":"wp","href":"https:\/\/api.w.org\/{rel}","templated":true}]}}