{"id":8418,"date":"2020-04-14T10:51:52","date_gmt":"2020-04-14T10:52:33","guid":{"rendered":"https:\/\/evotek.md\/?post_type=product&#038;p=8418"},"modified":"2023-03-09T10:16:52","modified_gmt":"2023-03-09T10:16:52","slug":"mixer-planetar-mpm-30-l-m-09300170","status":"publish","type":"product","link":"https:\/\/evotek.md\/ro\/produse\/echipamente-electromecanice\/mixer-planetar\/mixer-planetar-mpm-30-l-m-09300170\/","title":{"rendered":"MIXER PLANETAR, 30 LITRI (gri) -M-09300170"},"content":{"rendered":"<p><strong>MIXER PLANETAR, 30 LITRI (gri) -M-09300170-<\/strong> Este un mixer puternic planetar cu un vas robust de 30 litri, din inox. Pute\u021bi seta acest mixer planetar la trei viteze diferite: 110-200-420 rpm. Mixerul are o vitez\u0103 maxim\u0103 ridicat\u0103 \u0219i este u\u0219or de cur\u0103\u021bat. Conceput cu carcasa din font\u0103 \u0219i un strat rezistent la zg\u00e2rieturi, astfel \u00eenc\u00e2t s\u0103 pute\u021bi p\u0103stra aparatul c\u00e2t mai mult timp nou.<\/p>\n<p>Caracteristici<\/p>\n<p>Dimensiuni: 420\u0445545\u0445760 mm<\/p>\n<p>Putere: 230 V\/50 Hz\/1 faz\u0103 1100 W<\/p>\n<p>3 viteze: 110-200-420 rpm<\/p>\n<p>Butoanele de pornire \u0219i oprire separate<\/p>\n<p>Greutate net\u0103: 80 \u00a0kg<\/p>\n<p>&nbsp;<\/p>\n","protected":false},"excerpt":{"rendered":"<p>Mixer planetar cu un volum de 30 litri. Dimensiuni: 420\u0445545\u0445760 mm; Putere: 230 V\/50 Hz\/1 faz\u0103 1100 W; 3 viteze: 110-200-420 rpm; Greutate net\u0103: 80 \u00a0kg.<\/p>\n<p>&nbsp;<\/p>\n","protected":false},"featured_media":8409,"template":"","meta":[],"_links":{"self":[{"href":"https:\/\/evotek.md\/ro\/wp-json\/wp\/v2\/product\/8418"}],"collection":[{"href":"https:\/\/evotek.md\/ro\/wp-json\/wp\/v2\/product"}],"about":[{"href":"https:\/\/evotek.md\/ro\/wp-json\/wp\/v2\/types\/product"}],"wp:featuredmedia":[{"embeddable":true,"href":"https:\/\/evotek.md\/ro\/wp-json\/wp\/v2\/media\/8409"}],"wp:attachment":[{"href":"https:\/\/evotek.md\/ro\/wp-json\/wp\/v2\/media?parent=8418"}],"curies":[{"name":"wp","href":"https:\/\/api.w.org\/{rel}","templated":true}]}}