{"id":8360,"date":"2020-04-14T09:47:51","date_gmt":"2020-04-14T09:48:43","guid":{"rendered":"https:\/\/evotek.md\/?post_type=product&#038;p=8360"},"modified":"2023-03-09T10:19:16","modified_gmt":"2023-03-09T10:19:16","slug":"mixer-planetar-mpm-7l-roz-m-09300151","status":"publish","type":"product","link":"https:\/\/evotek.md\/ro\/produse\/echipamente-electromecanice\/mixer-planetar\/mixer-planetar-mpm-7l-roz-m-09300151\/","title":{"rendered":"MIXER PLANETAR, 7 LITRI (roz) -M-09300151"},"content":{"rendered":"<p><strong>MIXER PLANETAR, 7 LITRI (roz) -M-09300151-<\/strong> Acesta este un mixer puternic planetar, ce nu va aduce prea mult zgomot \u00een buc\u0103t\u0103ria dvs., deoarece este foarte lini\u0219tit, \u00een ciuda vitezei maxime ridicate. Acest mixer planetar are o carcas\u0103 metalic\u0103 robust\u0103, cu o acoperire rezistent\u0103 la zg\u00e2rieturi. El este foarte u\u0219or de cur\u0103\u021bat. Pute\u021bi amesteca perfect ingredientele cu el. Mixerul are un vas robust din inox de 7 litri.<\/p>\n<p>Caracteristici<\/p>\n<p>Dimensiuni: 240x425x425 mm<\/p>\n<p>Conexiune: 230 V\/ 50 Hz \/ 1 faz\u0103 350 W<\/p>\n<p>Greutate net\u0103: 17 kg<\/p>\n<p>Bol rezistent din inox 7,0 L<\/p>\n<p>11 viteze diferite: 100 &#8211; 938 rpm<\/p>\n<p>Butoanele de pornire \u0219i oprire separate<\/p>\n<p>&nbsp;<\/p>\n","protected":false},"excerpt":{"rendered":"<p>Mixer planetar de 7 litri. Dimensiuni: 240x425x425 mm; Conexiune: 230 V \/ 50 Hz \/ 1 faz\u0103 350 W; Greutate net\u0103: 17 kg; 11 viteze diferite: 100 &#8211; 938 rpm.<\/p>\n","protected":false},"featured_media":8349,"template":"","meta":[],"_links":{"self":[{"href":"https:\/\/evotek.md\/ro\/wp-json\/wp\/v2\/product\/8360"}],"collection":[{"href":"https:\/\/evotek.md\/ro\/wp-json\/wp\/v2\/product"}],"about":[{"href":"https:\/\/evotek.md\/ro\/wp-json\/wp\/v2\/types\/product"}],"wp:featuredmedia":[{"embeddable":true,"href":"https:\/\/evotek.md\/ro\/wp-json\/wp\/v2\/media\/8349"}],"wp:attachment":[{"href":"https:\/\/evotek.md\/ro\/wp-json\/wp\/v2\/media?parent=8360"}],"curies":[{"name":"wp","href":"https:\/\/api.w.org\/{rel}","templated":true}]}}