{"id":8334,"date":"2020-04-14T09:03:30","date_gmt":"2020-04-14T09:04:18","guid":{"rendered":"https:\/\/evotek.md\/?post_type=product&#038;p=8334"},"modified":"2024-11-06T12:43:57","modified_gmt":"2024-11-06T12:43:57","slug":"congelator-cu-soc-termic-5x1-1-gn-m-09400925","status":"publish","type":"product","link":"https:\/\/evotek.md\/ro\/produse\/echipamente-frigorifice\/congelator-cu-soc-termic\/congelator-cu-soc-termic-5x1-1-gn-m-09400925\/","title":{"rendered":"CONGELATOR CU \u0218OC TERMIC 5&#215;1\/1 GN -M-09400925"},"content":{"rendered":"<p><strong>CONGELATOR CU \u0218OC TERMIC 5&#215;1\/1 GN -M-09400925- <\/strong>Congelatorul cu \u0219oc termic este utilizat pe scar\u0103 larg\u0103 \u00een industria alimentar\u0103 pentru depozitarea pe termen lung a c\u0103rnii, pe\u0219tilor, legumelor, fructelor de p\u0103dure, a bucatelor gata preparate. \u00cenghe\u021barea cu \u0219oc termic a produselor contribuie la formarea macrocristalelor de ghea\u021b\u0103, care se datoreaz\u0103 r\u0103cirii puternice \u0219i rapide \u0219i men\u021binerii temperaturilor foarte sc\u0103zute \u00een interiorul compartimentului frigorific.<\/p>\n<p>Caracteristici<br \/>\nCapacitate pentru GN 5&#215;1\/1 sau 40\u044560<br \/>\nCarcas\u0103 \u0219i interior din inox<br \/>\nDezghetare automat\u0103<br \/>\nAgent frigorific R404\/ f\u0103r\u0103 CFC<br \/>\nR\u0103cire rapid\u0103: de la 70 la 3\u00b0C \u00een 90 min pentru 20 kg<br \/>\nCongelare rapida: de la 70 la -18\u00b0C timp de 240 minute pentru 15 kg<br \/>\nGreutate net\u0103: 108 kg<br \/>\nDimensiuni interioare: 670x400x390 mm<br \/>\nDimensiuni exterioare: 800x800x330 mm<br \/>\nConexiune: 230 V \/ 50 Hz \/ monofazat 750 W<\/p>\n<p>&nbsp;<\/p>\n<p>&nbsp;<\/p>\n<p>&nbsp;<\/p>\n","protected":false},"excerpt":{"rendered":"<p>Congelator cu \u0219oc termic 5&#215;1\/1 \u00a0GN. Carcas\u0103 \u0219i interior din inox; Dezghetare automat\u0103; Agent frigorific R404\/ f\u0103r\u0103 CFC; R\u0103cire rapid\u0103: de la 70 la 3\u00b0C \u00een 90 min pentru 20 kg; Congelare rapida: de la 70 la -18\u00b0C timp de 240 minute pentru 15 kg; Greutate net\u0103: 108 kg; Dimensiuni interioare: 670x400x390 mm; Dimensiuni exterioare: 800x800x330 mm; Conexiune: 230 V \/ 50 Hz \/ monofazat 750 W.<\/p>\n","protected":false},"featured_media":8325,"template":"","meta":[],"_links":{"self":[{"href":"https:\/\/evotek.md\/ro\/wp-json\/wp\/v2\/product\/8334"}],"collection":[{"href":"https:\/\/evotek.md\/ro\/wp-json\/wp\/v2\/product"}],"about":[{"href":"https:\/\/evotek.md\/ro\/wp-json\/wp\/v2\/types\/product"}],"wp:featuredmedia":[{"embeddable":true,"href":"https:\/\/evotek.md\/ro\/wp-json\/wp\/v2\/media\/8325"}],"wp:attachment":[{"href":"https:\/\/evotek.md\/ro\/wp-json\/wp\/v2\/media?parent=8334"}],"curies":[{"name":"wp","href":"https:\/\/api.w.org\/{rel}","templated":true}]}}