{"id":8305,"date":"2020-04-14T08:39:28","date_gmt":"2020-04-14T08:39:28","guid":{"rendered":"https:\/\/evotek.md\/?post_type=product&#038;p=8305"},"modified":"2020-04-14T08:39:28","modified_gmt":"2020-04-14T08:39:28","slug":"congelator-cu-soc-termic-3x2-3-gn-m-09400923","status":"publish","type":"product","link":"https:\/\/evotek.md\/ro\/produse\/echipamente-frigorifice\/congelator-cu-soc-termic\/congelator-cu-soc-termic-3x2-3-gn-m-09400923\/","title":{"rendered":"CONGELATOR CU \u0218OC TERMIC 3&#215;2\/3 GN -M-09400923"},"content":{"rendered":"<p><strong>CONGELATOR CU \u0218OC TERMIC 3&#215;2\/3 GN -M-09400923- <\/strong>Congelatorul cu \u0219oc termic este utilizat pe scar\u0103 larg\u0103 \u00een industria alimentar\u0103 pentru depozitarea pe termen lung a c\u0103rnii, pe\u0219tilor, legumelor, fructelor de p\u0103dure, a bucatelor gata preparate. \u00cenghe\u021barea cu \u0219oc termic a produselor contribuie la formarea macrocristalelor de ghea\u021b\u0103, care se datoreaz\u0103 r\u0103cirii puternice \u0219i rapide \u0219i men\u021binerii temperaturilor foarte sc\u0103zute \u00een interiorul compartimentului frigorific.<\/p>\n<p>Caracteristici<\/p>\n<p>Capacitate pentru GN 3&#215;2\/ 3<\/p>\n<p>Carcas\u0103 \u0219i interior din inox<\/p>\n<p>Dezghetare automat\u0103<\/p>\n<p>Agent frigorific R290\/ f\u0103r\u0103 CFC<\/p>\n<p>Izola\u021bie de protec\u021bie compact\u0103 de 60 mm<\/p>\n<p>90 min + 70 \u00b0 C \/ + 3 \u00b0 C = 6,5 kg<\/p>\n<p>240 min + 70 \u00b0 C \/ -18 \u00b0 C = 4 kg<\/p>\n<p>Greutate net\u0103: 40 kg<\/p>\n<p>Dimensiuni interioare: 330x300x235 mm<\/p>\n<p>Dimensiuni exterioare: 630x505x475 mm<\/p>\n<p>Conexiune: 230 V\/50 Hz \/ 1 faz\u0103 350 W<\/p>\n<p>&nbsp;<\/p>\n","protected":false},"excerpt":{"rendered":"<p>Congelator cu \u0219oc termic 3&#215;2\/3 GN. Carcas\u0103 \u0219i interior din inox; Dezghetare automata; Agent frigorific R290\/ f\u0103r\u0103 CFC; Izola\u021bie de protec\u021bie compact\u0103 de 60 mm; 90 min + 70 \u00b0 C \/ + 3 \u00b0 C = 6,5 kg; 240 min + 70 \u00b0 C \/ -18 \u00b0 C = 4 kg; Greutate net\u0103: 40 kg; Dimensiuni interioare: 330x300x235 mm; Dimensiuni exterioare: 630x505x475 mm; Conexiune: 230 V\/50 Hz \/ 1 faz\u0103 350 W.<\/p>\n","protected":false},"featured_media":8296,"template":"","meta":[],"_links":{"self":[{"href":"https:\/\/evotek.md\/ro\/wp-json\/wp\/v2\/product\/8305"}],"collection":[{"href":"https:\/\/evotek.md\/ro\/wp-json\/wp\/v2\/product"}],"about":[{"href":"https:\/\/evotek.md\/ro\/wp-json\/wp\/v2\/types\/product"}],"wp:featuredmedia":[{"embeddable":true,"href":"https:\/\/evotek.md\/ro\/wp-json\/wp\/v2\/media\/8296"}],"wp:attachment":[{"href":"https:\/\/evotek.md\/ro\/wp-json\/wp\/v2\/media?parent=8305"}],"curies":[{"name":"wp","href":"https:\/\/api.w.org\/{rel}","templated":true}]}}