{"id":8263,"date":"2020-04-10T19:08:24","date_gmt":"2020-04-10T19:08:24","guid":{"rendered":"https:\/\/evotek.md\/?post_type=product&#038;p=8263"},"modified":"2020-04-10T19:08:24","modified_gmt":"2020-04-10T19:08:24","slug":"cratita-inalta-cu-capac-63-l-st-011202","status":"publish","type":"product","link":"https:\/\/evotek.md\/ro\/produse\/accesorii-si-inventar-bucatarie\/cratite-si-tigai\/cratita-inalta-cu-capac-63-l-st-011202\/","title":{"rendered":"CRATI\u021a\u0102 \u00ceNALT\u0102 CU CAPAC 6,3 L -ST-011202"},"content":{"rendered":"<p><strong>CRATI\u021a\u0102 \u00ceNALT\u0102 CU CAPAC 6,3 L -ST-011202-<\/strong> unul dintre principalele atribute ale buc\u0103t\u0103riei profesionale. O crati\u021b\u0103 din inox ajut\u0103 m\u00e2ncarea s\u0103 r\u0103m\u00e2n\u0103 fierbinte mai mult timp. O caracteristic\u0103 a acestor crati\u021be este fundul multistrat, care are o conductivitate termic\u0103 ridicat\u0103. Din aceast\u0103 cauz\u0103, c\u0103ldura este distribuit\u0103 uniform, bucatele se prepar\u0103 mai rapid \u0219i nu se ard. Astfel de crati\u021be sunt u\u0219or de \u00eengrijit \u0219i r\u0103m\u00e2n \u00een forma lor original\u0103 mult timp.<\/p>\n<p>Caracteristici<\/p>\n<p>Volumul: 6,3 L<\/p>\n<p>Diametru: 200 mm<\/p>\n<p>\u00cen\u0103l\u021bime: 200 mm<\/p>\n<p>Din inox<\/p>\n<p>Potrivit pentru toate tipurile de plite<\/p>\n<p>Se spal\u0103 \u00een ma\u0219ina de spalat vase<\/p>\n<p>&nbsp;<\/p>\n","protected":false},"excerpt":{"rendered":"<p>Crati\u021b\u0103 \u00eenalt\u0103 cu capac la 6,3 litri. Diametru: 200 mm; Inaltime: 200 mm; Din inox; Potrivit pentru toate tipurile de plite; Se spal\u0103 \u00een ma\u0219ina de spalat vase.<\/p>\n","protected":false},"featured_media":17553,"template":"","meta":[],"_links":{"self":[{"href":"https:\/\/evotek.md\/ro\/wp-json\/wp\/v2\/product\/8263"}],"collection":[{"href":"https:\/\/evotek.md\/ro\/wp-json\/wp\/v2\/product"}],"about":[{"href":"https:\/\/evotek.md\/ro\/wp-json\/wp\/v2\/types\/product"}],"wp:featuredmedia":[{"embeddable":true,"href":"https:\/\/evotek.md\/ro\/wp-json\/wp\/v2\/media\/17553"}],"wp:attachment":[{"href":"https:\/\/evotek.md\/ro\/wp-json\/wp\/v2\/media?parent=8263"}],"curies":[{"name":"wp","href":"https:\/\/api.w.org\/{rel}","templated":true}]}}