{"id":8109,"date":"2020-04-10T11:40:23","date_gmt":"2020-04-10T11:40:23","guid":{"rendered":"https:\/\/evotek.md\/?post_type=product&#038;p=8109"},"modified":"2020-04-10T14:34:08","modified_gmt":"2020-04-10T14:34:08","slug":"tel-dur-din-inox-400-mm-st-313400","status":"publish","type":"product","link":"https:\/\/evotek.md\/ro\/produse\/accesorii-si-inventar-bucatarie\/tel\/tel-dur-din-inox-400-mm-st-313400\/","title":{"rendered":"TEL DUR DIN INOX 400 mm -ST-313400"},"content":{"rendered":"<p><strong>TEL DUR DIN INOX 400 mm -ST-313400- <\/strong>Pentru a ob\u021bine produse de calitate \u00eenalt\u0103, este necesar s\u0103 folosi\u021bi \u021bel de cofet\u0103rie de \u00eenalt\u0103 calitate de la produc\u0103torii mondiali. Tel dur pentru amestecare, din inox cu lungimea de 400 mm.<\/p>\n","protected":false},"excerpt":{"rendered":"<p>Tel dur pentru amestecare, din inox cu lungimea de 400 mm.<\/p>\n","protected":false},"featured_media":8087,"template":"","meta":[],"_links":{"self":[{"href":"https:\/\/evotek.md\/ro\/wp-json\/wp\/v2\/product\/8109"}],"collection":[{"href":"https:\/\/evotek.md\/ro\/wp-json\/wp\/v2\/product"}],"about":[{"href":"https:\/\/evotek.md\/ro\/wp-json\/wp\/v2\/types\/product"}],"wp:featuredmedia":[{"embeddable":true,"href":"https:\/\/evotek.md\/ro\/wp-json\/wp\/v2\/media\/8087"}],"wp:attachment":[{"href":"https:\/\/evotek.md\/ro\/wp-json\/wp\/v2\/media?parent=8109"}],"curies":[{"name":"wp","href":"https:\/\/api.w.org\/{rel}","templated":true}]}}