{"id":8100,"date":"2020-04-10T11:28:45","date_gmt":"2020-04-10T11:28:45","guid":{"rendered":"https:\/\/evotek.md\/?post_type=product&#038;p=8100"},"modified":"2020-04-10T14:35:30","modified_gmt":"2020-04-10T14:35:30","slug":"tel-din-inox-300-mm-st-313301","status":"publish","type":"product","link":"https:\/\/evotek.md\/ro\/produse\/accesorii-si-inventar-bucatarie\/tel\/tel-din-inox-300-mm-st-313301\/","title":{"rendered":"TEL DIN INOX 300 mm -ST-313301"},"content":{"rendered":"<p><strong>TEL DIN INOX 300 mm -ST-313301- <\/strong>Pentru a ob\u021bine produse de calitate \u00eenalt\u0103, este necesar s\u0103 folosi\u021bi tel de cofet\u0103rie de \u00eenalt\u0103 calitate de la produc\u0103torii mondiali. Tel pentru amestecare, din inox cu lungimea de 300 mm, cu 12 segmente.<\/p>\n","protected":false},"excerpt":{"rendered":"<p>Tel pentru amestecare, din inox cu lungimea de 300 mm, cu 12 segmente.<\/p>\n","protected":false},"featured_media":8096,"template":"","meta":[],"_links":{"self":[{"href":"https:\/\/evotek.md\/ro\/wp-json\/wp\/v2\/product\/8100"}],"collection":[{"href":"https:\/\/evotek.md\/ro\/wp-json\/wp\/v2\/product"}],"about":[{"href":"https:\/\/evotek.md\/ro\/wp-json\/wp\/v2\/types\/product"}],"wp:featuredmedia":[{"embeddable":true,"href":"https:\/\/evotek.md\/ro\/wp-json\/wp\/v2\/media\/8096"}],"wp:attachment":[{"href":"https:\/\/evotek.md\/ro\/wp-json\/wp\/v2\/media?parent=8100"}],"curies":[{"name":"wp","href":"https:\/\/api.w.org\/{rel}","templated":true}]}}