{"id":8092,"date":"2020-04-10T11:17:15","date_gmt":"2020-04-10T11:17:15","guid":{"rendered":"https:\/\/evotek.md\/?post_type=product&#038;p=8092"},"modified":"2020-04-10T14:36:24","modified_gmt":"2020-04-10T14:36:24","slug":"tel-din-inox-300-mm-st-313300","status":"publish","type":"product","link":"https:\/\/evotek.md\/ro\/produse\/accesorii-si-inventar-bucatarie\/tel\/tel-din-inox-300-mm-st-313300\/","title":{"rendered":"TEL DUR DIN INOX 300 mm -ST-313300"},"content":{"rendered":"<p><strong>TEL DUR DIN INOX 300 mm -ST-313300- <\/strong>Pentru a ob\u021bine produse de calitate \u00eenalt\u0103, este necesar s\u0103 folosi\u021bi tel de cofet\u0103rie de \u00eenalt\u0103 calitate de la produc\u0103torii mondiali. Tel pentru amestecare, din inox cu lungimea de 300 mm.<\/p>\n<p>&nbsp;<\/p>\n","protected":false},"excerpt":{"rendered":"<p>Tel pentru amestecare, din inox cu lungimea de 300 mm.<\/p>\n","protected":false},"featured_media":8087,"template":"","meta":[],"_links":{"self":[{"href":"https:\/\/evotek.md\/ro\/wp-json\/wp\/v2\/product\/8092"}],"collection":[{"href":"https:\/\/evotek.md\/ro\/wp-json\/wp\/v2\/product"}],"about":[{"href":"https:\/\/evotek.md\/ro\/wp-json\/wp\/v2\/types\/product"}],"wp:featuredmedia":[{"embeddable":true,"href":"https:\/\/evotek.md\/ro\/wp-json\/wp\/v2\/media\/8087"}],"wp:attachment":[{"href":"https:\/\/evotek.md\/ro\/wp-json\/wp\/v2\/media?parent=8092"}],"curies":[{"name":"wp","href":"https:\/\/api.w.org\/{rel}","templated":true}]}}