{"id":8088,"date":"2020-04-10T11:07:22","date_gmt":"2020-04-10T11:07:22","guid":{"rendered":"https:\/\/evotek.md\/?post_type=product&#038;p=8088"},"modified":"2020-04-10T14:36:49","modified_gmt":"2020-04-10T14:36:49","slug":"tel-cu-maner-din-plastic-500-mm-st-313500","status":"publish","type":"product","link":"https:\/\/evotek.md\/ro\/produse\/accesorii-si-inventar-bucatarie\/tel\/tel-cu-maner-din-plastic-500-mm-st-313500\/","title":{"rendered":"TEL DUR DIN INOX 500 mm -ST-313500"},"content":{"rendered":"<p><strong>TEL DUR DIN INOX <\/strong><strong>500 <\/strong><strong>mm -ST-313500- <\/strong>Pentru a ob\u021bine produse de calitate \u00eenalt\u0103, este necesar s\u0103 folosi\u021bi tel de cofet\u0103rie de \u00eenalt\u0103 calitate de la produc\u0103torii mondiali. Tel pentru amestecare, din inox cu lungimea de 500 mm.<\/p>\n","protected":false},"excerpt":{"rendered":"<p>Tel pentru amestecare, din inox cu lungimea de 500 mm.<\/p>\n","protected":false},"featured_media":8087,"template":"","meta":[],"_links":{"self":[{"href":"https:\/\/evotek.md\/ro\/wp-json\/wp\/v2\/product\/8088"}],"collection":[{"href":"https:\/\/evotek.md\/ro\/wp-json\/wp\/v2\/product"}],"about":[{"href":"https:\/\/evotek.md\/ro\/wp-json\/wp\/v2\/types\/product"}],"wp:featuredmedia":[{"embeddable":true,"href":"https:\/\/evotek.md\/ro\/wp-json\/wp\/v2\/media\/8087"}],"wp:attachment":[{"href":"https:\/\/evotek.md\/ro\/wp-json\/wp\/v2\/media?parent=8088"}],"curies":[{"name":"wp","href":"https:\/\/api.w.org\/{rel}","templated":true}]}}